{"id":932,"date":"2024-12-15T13:12:45","date_gmt":"2024-12-15T12:12:45","guid":{"rendered":"https:\/\/sceau-archives-ovni.org\/?page_id=932"},"modified":"2024-12-15T13:26:50","modified_gmt":"2024-12-15T12:26:50","slug":"francois-hays","status":"publish","type":"page","link":"https:\/\/sceau-archives-ovni.org\/?page_id=932&lang=fr","title":{"rendered":"Fran\u00e7ois Ha\u00ffs"},"content":{"rendered":"<div class=\"wp-block-image size-full wp-image-25\">\n<figure class=\"alignright size-medium\"><img loading=\"lazy\" width=\"225\" height=\"300\" src=\"https:\/\/sceau-archives-ovni.org\/wp\/wp-content\/uploads\/2024\/12\/FHS-2024-225x300.jpg\" alt=\"Fran\u00e7ois Hays\" class=\"wp-image-921\"\/><figcaption>Vice Pr\u00e9sident : Fran\u00e7ois Hays<\/figcaption><\/figure><\/div>\n\n\n<p>Vice-Pr\u00e9sident<\/p>\n\n\n\n<p><\/p>\n\n\n\n<p>D\u00e9couverte de l&rsquo;ufologie en 1974, premi\u00e8res lectures, premi\u00e8res conf\u00e9rences (Bourret, Guieu), je m&rsquo;abonne \u00e0 LDLN et commence \u00e0 mettre des coupures de presse de c\u00f4t\u00e9. Vers 1990 je passe \u00e0 la vitesse sup\u00e9rieure, compl\u00e8te ma biblioth\u00e8que et prends de nombreux contacts, en France et \u00e0 l&rsquo;\u00e9tranger. L&rsquo;ufologie a pas mal chang\u00e9 mais je reste passionn\u00e9 par la question. Je suis membre d&rsquo;une dizaine d&rsquo;associations, me rends \u00e0 des rencontres et colloques, renforce mes contacts et m&rsquo;entretiens avec de nombreux ufologues. Je d\u00e9bute la mise en chantier d&rsquo;un listing informatique centr\u00e9 sur les articles de revues ufologiques.<\/p>\n\n\n\n<p>En 1996 je participe \u00e0 la cr\u00e9ation du fanzine Ufo Log avec le chercheur bressan Didier Charnay. J&rsquo;y \u00e9crirai pas mal d&rsquo;articles entre 1997 et 2011. En 2005 nous sortons le Guide des livres Ufologiques Francophones qui reste un ouvrage de r\u00e9f\u00e9rence en la mati\u00e8re. En 2008, encourag\u00e9 par G\u00e9rard Lebat, je cr\u00e9\u00e9 un Repas Ufologique \u00e0 Grenoble. Je le dirigerai jusqu&rsquo;en 2015.<\/p>\n\n\n\n<p>Depuis, je me concentre sur le d\u00e9veloppement d&rsquo;un listing presse d\u00e9but\u00e9 au d\u00e9but des ann\u00e9es 2000 et qui compte plus de 28000 entr\u00e9es.<\/p>\n","protected":false},"excerpt":{"rendered":"<p>Vice-Pr\u00e9sident D\u00e9couverte de l&rsquo;ufologie en 1974, premi\u00e8res lectures, premi\u00e8res conf\u00e9rences (Bourret, Guieu), je m&rsquo;abonne \u00e0 LDLN et commence \u00e0 mettre des coupures de presse de c\u00f4t\u00e9. Vers 1990 je passe \u00e0 la vitesse sup\u00e9rieure, compl\u00e8te ma biblioth\u00e8que et prends de nombreux contacts, en France et \u00e0 l&rsquo;\u00e9tranger. L&rsquo;ufologie a pas mal chang\u00e9 mais je reste &hellip; <a href=\"https:\/\/sceau-archives-ovni.org\/?page_id=932&#038;lang=fr\" class=\"more-link\">Continuer la lecture de <span class=\"screen-reader-text\">Fran\u00e7ois Ha\u00ffs<\/span>  <span class=\"meta-nav\">&rarr;<\/span><\/a><\/p>\n","protected":false},"author":1,"featured_media":0,"parent":21,"menu_order":0,"comment_status":"closed","ping_status":"closed","template":"","meta":{"ngg_post_thumbnail":0},"_links":{"self":[{"href":"https:\/\/sceau-archives-ovni.org\/index.php?rest_route=\/wp\/v2\/pages\/932"}],"collection":[{"href":"https:\/\/sceau-archives-ovni.org\/index.php?rest_route=\/wp\/v2\/pages"}],"about":[{"href":"https:\/\/sceau-archives-ovni.org\/index.php?rest_route=\/wp\/v2\/types\/page"}],"author":[{"embeddable":true,"href":"https:\/\/sceau-archives-ovni.org\/index.php?rest_route=\/wp\/v2\/users\/1"}],"replies":[{"embeddable":true,"href":"https:\/\/sceau-archives-ovni.org\/index.php?rest_route=%2Fwp%2Fv2%2Fcomments&post=932"}],"version-history":[{"count":1,"href":"https:\/\/sceau-archives-ovni.org\/index.php?rest_route=\/wp\/v2\/pages\/932\/revisions"}],"predecessor-version":[{"id":933,"href":"https:\/\/sceau-archives-ovni.org\/index.php?rest_route=\/wp\/v2\/pages\/932\/revisions\/933"}],"up":[{"embeddable":true,"href":"https:\/\/sceau-archives-ovni.org\/index.php?rest_route=\/wp\/v2\/pages\/21"}],"wp:attachment":[{"href":"https:\/\/sceau-archives-ovni.org\/index.php?rest_route=%2Fwp%2Fv2%2Fmedia&parent=932"}],"curies":[{"name":"wp","href":"https:\/\/api.w.org\/{rel}","templated":true}]}}