{"id":926,"date":"2024-12-15T13:12:56","date_gmt":"2024-12-15T12:12:56","guid":{"rendered":"https:\/\/sceau-archives-ovni.org\/?page_id=926"},"modified":"2024-12-15T13:26:36","modified_gmt":"2024-12-15T12:26:36","slug":"xavier-lippens","status":"publish","type":"page","link":"https:\/\/sceau-archives-ovni.org\/?page_id=926&lang=fr","title":{"rendered":"Xavier Lippens"},"content":{"rendered":"<div class=\"wp-block-image size-full wp-image-25\">\n<figure class=\"alignright size-medium\"><img loading=\"lazy\" width=\"209\" height=\"300\" src=\"https:\/\/sceau-archives-ovni.org\/wp\/wp-content\/uploads\/2024\/12\/XLS-e1734263529584-209x300.jpg\" alt=\"Xavier Lippens\" class=\"wp-image-922\"\/><figcaption>Tr\u00e9sorier : Xavier Lippens<\/figcaption><\/figure><\/div>\n\n\n<p>Tr\u00e9sorier<\/p>\n\n\n\n<p><\/p>\n\n\n\n<p>Xavier Lippens, n\u00e9 en 1960, membre du SCEAU depuis juin 2021 et \u00e9galement tr\u00e9sorier de l\u2019association. Ufophile depuis l\u2019enfance et notamment fascin\u00e9 par la s\u00e9rie les Envahisseurs. Enqu\u00eateur au sein du MUFON depuis 2019 et membre du CNEGU.<\/p>\n","protected":false},"excerpt":{"rendered":"<p>Tr\u00e9sorier Xavier Lippens, n\u00e9 en 1960, membre du SCEAU depuis juin 2021 et \u00e9galement tr\u00e9sorier de l\u2019association. Ufophile depuis l\u2019enfance et notamment fascin\u00e9 par la s\u00e9rie les Envahisseurs. Enqu\u00eateur au sein du MUFON depuis 2019 et membre du CNEGU.<\/p>\n","protected":false},"author":1,"featured_media":0,"parent":21,"menu_order":0,"comment_status":"closed","ping_status":"closed","template":"","meta":{"ngg_post_thumbnail":0},"_links":{"self":[{"href":"https:\/\/sceau-archives-ovni.org\/index.php?rest_route=\/wp\/v2\/pages\/926"}],"collection":[{"href":"https:\/\/sceau-archives-ovni.org\/index.php?rest_route=\/wp\/v2\/pages"}],"about":[{"href":"https:\/\/sceau-archives-ovni.org\/index.php?rest_route=\/wp\/v2\/types\/page"}],"author":[{"embeddable":true,"href":"https:\/\/sceau-archives-ovni.org\/index.php?rest_route=\/wp\/v2\/users\/1"}],"replies":[{"embeddable":true,"href":"https:\/\/sceau-archives-ovni.org\/index.php?rest_route=%2Fwp%2Fv2%2Fcomments&post=926"}],"version-history":[{"count":4,"href":"https:\/\/sceau-archives-ovni.org\/index.php?rest_route=\/wp\/v2\/pages\/926\/revisions"}],"predecessor-version":[{"id":930,"href":"https:\/\/sceau-archives-ovni.org\/index.php?rest_route=\/wp\/v2\/pages\/926\/revisions\/930"}],"up":[{"embeddable":true,"href":"https:\/\/sceau-archives-ovni.org\/index.php?rest_route=\/wp\/v2\/pages\/21"}],"wp:attachment":[{"href":"https:\/\/sceau-archives-ovni.org\/index.php?rest_route=%2Fwp%2Fv2%2Fmedia&parent=926"}],"curies":[{"name":"wp","href":"https:\/\/api.w.org\/{rel}","templated":true}]}}