{"id":654,"date":"2023-07-23T16:34:19","date_gmt":"2023-07-23T14:34:19","guid":{"rendered":"https:\/\/sceau-archives-ovni.org\/?page_id=654"},"modified":"2023-09-10T12:22:05","modified_gmt":"2023-09-10T10:22:05","slug":"fiches-gueudelot-en-provenance-du-gepan","status":"publish","type":"page","link":"https:\/\/sceau-archives-ovni.org\/?page_id=654&lang=fr","title":{"rendered":"Fiches Gueudelot en provenance du GEPAN"},"content":{"rendered":"\n<p>Les envois de ces <a href=\"https:\/\/sceau-archives-ovni.org\/fonds\/fond_gueudelot\/base_guy_jpr_fiches_gueudelot.html\" data-type=\"URL\" data-id=\"https:\/\/sceau-archives-ovni.org\/fonds\/fond_gueudelot\/base_guy_jpr_fiches_gueudelot.html\" target=\"_blank\" rel=\"noreferrer noopener\">fiches GUEUDELOT<\/a> ont \u00e9t\u00e9 faits d\u2019abord \u00e0 Claude Poher, peut-\u00eatre d\u00e8s avant la cr\u00e9ation du GEPAN. Il est possible qu\u2019Alain Esterle ait demand\u00e9 \u00e0 ne plus les recevoir (il ne s\u2019int\u00e9ressait plus qu\u2019aux PV de Gendarmerie). Les num\u00e9ros tamponn\u00e9s sur les fiches (repris dans la colonne \u00ab\u00a0NUMERO\u00a0\u00bb de la base) sont ceux appos\u00e9s durant la p\u00e9riode o\u00f9 le GEPAN s\u2019int\u00e9ressait \u00e0 ces fiches. Les 2 premiers chiffres donnent l\u2019ann\u00e9e du cas, le 3<sup>e<\/sup> est un code sur la nature du document, les derniers chiffres s\u2019incr\u00e9mentent \u00e0 chaque tamponnage.<br>L\u2019absence des cas \u00e9trangers dans les fiches du GEPAN n\u2019est pas surprenante puisque le GEPAN ne s\u2019int\u00e9ressait en principe qu\u2019aux cas fran\u00e7ais.<\/p>\n\n\n\n<p>Ces pages ont \u00e9t\u00e9 scann\u00e9es par Jean Pierre Rospars. Elles sont encore en cours de traitement informatique pour corrections et \u00e9liminer les doublons. <\/p>\n","protected":false},"excerpt":{"rendered":"<p>Les envois de ces fiches GUEUDELOT ont \u00e9t\u00e9 faits d\u2019abord \u00e0 Claude Poher, peut-\u00eatre d\u00e8s avant la cr\u00e9ation du GEPAN. Il est possible qu\u2019Alain Esterle ait demand\u00e9 \u00e0 ne plus les recevoir (il ne s\u2019int\u00e9ressait plus qu\u2019aux PV de Gendarmerie). Les num\u00e9ros tamponn\u00e9s sur les fiches (repris dans la colonne \u00ab\u00a0NUMERO\u00a0\u00bb de la base) sont &hellip; <a href=\"https:\/\/sceau-archives-ovni.org\/?page_id=654&#038;lang=fr\" class=\"more-link\">Continuer la lecture de <span class=\"screen-reader-text\">Fiches Gueudelot en provenance du GEPAN<\/span>  <span class=\"meta-nav\">&rarr;<\/span><\/a><\/p>\n","protected":false},"author":1,"featured_media":0,"parent":0,"menu_order":0,"comment_status":"closed","ping_status":"closed","template":"","meta":{"ngg_post_thumbnail":0},"_links":{"self":[{"href":"https:\/\/sceau-archives-ovni.org\/index.php?rest_route=\/wp\/v2\/pages\/654"}],"collection":[{"href":"https:\/\/sceau-archives-ovni.org\/index.php?rest_route=\/wp\/v2\/pages"}],"about":[{"href":"https:\/\/sceau-archives-ovni.org\/index.php?rest_route=\/wp\/v2\/types\/page"}],"author":[{"embeddable":true,"href":"https:\/\/sceau-archives-ovni.org\/index.php?rest_route=\/wp\/v2\/users\/1"}],"replies":[{"embeddable":true,"href":"https:\/\/sceau-archives-ovni.org\/index.php?rest_route=%2Fwp%2Fv2%2Fcomments&post=654"}],"version-history":[{"count":5,"href":"https:\/\/sceau-archives-ovni.org\/index.php?rest_route=\/wp\/v2\/pages\/654\/revisions"}],"predecessor-version":[{"id":888,"href":"https:\/\/sceau-archives-ovni.org\/index.php?rest_route=\/wp\/v2\/pages\/654\/revisions\/888"}],"wp:attachment":[{"href":"https:\/\/sceau-archives-ovni.org\/index.php?rest_route=%2Fwp%2Fv2%2Fmedia&parent=654"}],"curies":[{"name":"wp","href":"https:\/\/api.w.org\/{rel}","templated":true}]}}