{"id":610,"date":"2022-07-06T21:47:20","date_gmt":"2022-07-06T19:47:20","guid":{"rendered":"https:\/\/sceau-archives-ovni.org\/?page_id=610"},"modified":"2022-07-06T21:51:15","modified_gmt":"2022-07-06T19:51:15","slug":"calendrier-des-journees-dinventaire","status":"publish","type":"page","link":"https:\/\/sceau-archives-ovni.org\/?page_id=610&lang=fr","title":{"rendered":"Calendrier des journ\u00e9es d&rsquo;inventaire"},"content":{"rendered":"\n<p>Ouvert \u00e0 toutes les bonnes volont\u00e9s, Il y a fort \u00e0 faire. Merci d&rsquo;avance<\/p>\n\n\n\n<p>R\u00e9union de tri, inventaire et scannage de documents ufologiques dans les locaux du SCEAU \u00e0 Vincennes<\/p>\n\n\n\n<p>Ci dessous, le lien web vers notre calendrier en ligne<\/p>\n\n\n\n<p><a href=\"https:\/\/teamup.com\/kskztik7tby2ebhhrk\">https:\/\/teamup.com\/kskztik7tby2ebhhrk<\/a><\/p>\n","protected":false},"excerpt":{"rendered":"<p>Ouvert \u00e0 toutes les bonnes volont\u00e9s, Il y a fort \u00e0 faire. Merci d&rsquo;avance R\u00e9union de tri, inventaire et scannage de documents ufologiques dans les locaux du SCEAU \u00e0 Vincennes Ci dessous, le lien web vers notre calendrier en ligne https:\/\/teamup.com\/kskztik7tby2ebhhrk<\/p>\n","protected":false},"author":1,"featured_media":0,"parent":0,"menu_order":0,"comment_status":"closed","ping_status":"closed","template":"","meta":{"ngg_post_thumbnail":0},"_links":{"self":[{"href":"https:\/\/sceau-archives-ovni.org\/index.php?rest_route=\/wp\/v2\/pages\/610"}],"collection":[{"href":"https:\/\/sceau-archives-ovni.org\/index.php?rest_route=\/wp\/v2\/pages"}],"about":[{"href":"https:\/\/sceau-archives-ovni.org\/index.php?rest_route=\/wp\/v2\/types\/page"}],"author":[{"embeddable":true,"href":"https:\/\/sceau-archives-ovni.org\/index.php?rest_route=\/wp\/v2\/users\/1"}],"replies":[{"embeddable":true,"href":"https:\/\/sceau-archives-ovni.org\/index.php?rest_route=%2Fwp%2Fv2%2Fcomments&post=610"}],"version-history":[{"count":2,"href":"https:\/\/sceau-archives-ovni.org\/index.php?rest_route=\/wp\/v2\/pages\/610\/revisions"}],"predecessor-version":[{"id":613,"href":"https:\/\/sceau-archives-ovni.org\/index.php?rest_route=\/wp\/v2\/pages\/610\/revisions\/613"}],"wp:attachment":[{"href":"https:\/\/sceau-archives-ovni.org\/index.php?rest_route=%2Fwp%2Fv2%2Fmedia&parent=610"}],"curies":[{"name":"wp","href":"https:\/\/api.w.org\/{rel}","templated":true}]}}