{"id":501,"date":"2017-05-27T14:12:42","date_gmt":"2017-05-27T12:12:42","guid":{"rendered":"http:\/\/sceau-archives-ovni.org\/?page_id=501"},"modified":"2025-12-31T16:11:26","modified_gmt":"2025-12-31T15:11:26","slug":"numerisations","status":"publish","type":"page","link":"https:\/\/sceau-archives-ovni.org\/?page_id=501&lang=fr","title":{"rendered":"NUM\u00c9RISATIONS"},"content":{"rendered":"\n<p>Les documents et num\u00e9risations proviennent de sources multiples.<\/p>\n\n\n\n<p>(<strong>*IA<\/strong>) : Documents trait\u00e9s automatiquement par Intelligence Artificielle. Non corrig\u00e9s pour la plupart.<\/p>\n\n\n\n<p>(<strong>*IA<\/strong>+) : Documents trait\u00e9s automatiquement par Intelligence Artificielle. Corrig\u00e9s manuellement.<\/p>\n\n\n\n<p>Vous trouverez (<a rel=\"noreferrer noopener\" href=\"https:\/\/sceau-archives-ovni.org\/?p=635&amp;lang=fr\" target=\"_blank\">ici<\/a>) des informations de contexte essentielles sur les <strong>limitations <\/strong>des r\u00e9sultats de traitement par IA. <\/p>\n\n\n\n<p>Les enqu\u00eates non anonymis\u00e9es sont dans les zones priv\u00e9es de nos serveurs et r\u00e9serv\u00e9es aux chercheurs.<\/p>\n\n\n\n<h2 class=\"has-text-align-center\">M\u00e9moire de Ma\u00eetrise d&rsquo;Anglais de David Loquier sur le Mythe des Abductions<\/h2>\n\n\n\n<p class=\"has-text-align-center\"><a rel=\"noreferrer noopener\" href=\"https:\/\/sceau-archives-ovni.org\/wp\/wp-content\/uploads\/2025\/12\/The_Myth_of_Alien_Abductions_in_the_United_States_of_America.pdf\" target=\"_blank\">The Myth of Alien Abductions in the United States of America<\/a><br>Nous remercions l&rsquo;Universit\u00e9 Montaigne de Bordeaux qui a effectu\u00e9 la num\u00e9risation \u00e0 la demande de David Loquier<\/p>\n\n\n\n<h2 class=\"has-text-align-center\">Coupures de Presse du Nord de la France<br>pour la vague de 1954<\/h2>\n\n\n\n<p class=\"has-text-align-center\"><a rel=\"noreferrer noopener\" href=\"https:\/\/sceau-archives-ovni.org\/fonds\/fond_psy\/base_fond_psy_archives_presses_nord.html\" target=\"_blank\">Environ 1300 coupures (<strong>*IA<\/strong>)<\/a> par PSY ann\u00e9e 1954<br>(ouvre un lien vers un autre onglet)<\/p>\n\n\n\n<h2 class=\"has-text-align-center\">Fonds Ren\u00e9 Faudrin<\/h2>\n\n\n\n<p class=\"has-text-align-center\"><a rel=\"noreferrer noopener\" href=\"https:\/\/sceau-archives-ovni.org\/fonds\/fonds_rene_faudrin\/base_fonds_rene_faudrin_CdP.html\" target=\"_blank\">Environ 109 coupures de presse (<strong>*IA<\/strong>)<\/a> ann\u00e9es 1975-1997<\/p>\n\n\n\n<h2 class=\"has-text-align-center\">Fonds SOS-OVNI<\/h2>\n\n\n\n<p class=\"has-text-align-center\"><a rel=\"noreferrer noopener\" href=\"https:\/\/sceau-archives-ovni.org\/?p=875&amp;lang=fr\" data-type=\"post\" data-id=\"875\" target=\"_blank\">Num\u00e9risations des enqu\u00eates<\/a><br><a rel=\"noreferrer noopener\" href=\"https:\/\/sceau-archives-ovni.org\/fonds\/fonds_sos-ovni\/sos_ovni_carton_06_CdP.html\" target=\"_blank\">Environ 400 coupures de Presse (<strong>*IA<\/strong>)<\/a> ann\u00e9es 1901-2000<br><a rel=\"noreferrer noopener\" href=\"https:\/\/sceau-archives-ovni.org\/fonds\/fonds_sos-ovni\/sos_ovni_carton_06_articles.html\" target=\"_blank\">Articles (*IA)<\/a><a rel=\"noreferrer noopener\" href=\"https:\/\/sceau-archives-ovni.org\/prive\/fonds_assos\/fonds_SOS-OVNI\/base_fonds_SOS-OVNI_temoignages.html\" target=\"_blank\"><br>T\u00e9moignages re\u00e7us<\/a> (*IA)<br>Enqu\u00eates (*IA) (bient\u00f4t) [<a href=\"https:\/\/sceau-archives-ovni.org\/?p=875&amp;lang=fr\" data-type=\"post\" data-id=\"875\" target=\"_blank\" rel=\"noreferrer noopener\">ici<\/a>]<br><a rel=\"noreferrer noopener\" href=\"https:\/\/sceau-archives-ovni.org\/fonds\/fonds_sos-ovni\/inventaire_sos-ovni.html\" target=\"_blank\">Inventaire <\/a>(700 pages) d\u00e9pos\u00e9 aux AD13<\/p>\n\n\n\n<h2 class=\"has-text-align-center\">Coupures de Presse Fran\u00e7aise dont fonds CNEGU<\/h2>\n\n\n\n<p class=\"has-text-align-center\"><a rel=\"noreferrer noopener\" href=\"https:\/\/sceau-archives-ovni.org\/fonds\/fond_psy\/base_fond_psy_presse_france.html\" target=\"_blank\">Environ 430 coupures de presse (<strong>*IA<\/strong>)<\/a> par PSY ann\u00e9es 1970-1982<\/p>\n\n\n\n<h2 class=\"has-text-align-center\">Fonds PSY<\/h2>\n\n\n\n<p class=\"has-text-align-center\"><a rel=\"noreferrer noopener\" href=\"https:\/\/sceau-archives-ovni.org\/fonds\/fond_psy\/presse_france\/1947-1974_VMR_archives%20presse.pdf\" data-type=\"URL\" data-id=\"https:\/\/sceau-archives-ovni.org\/fonds\/fond_psy\/presse_france\/1947-1974_VMR_archives%20presse.pdf\" target=\"_blank\">1947-1974 Var Matin R\u00e9publique archives presse<\/a><br><a rel=\"noreferrer noopener\" href=\"https:\/\/sceau-archives-ovni.org\/fonds\/fond_psy\/presse_france\/1971_parisien_libere_5_articles_sur_ldln.pdf\" target=\"_blank\">1971 parisien lib\u00e9r\u00e9 5 articles sur LDLN<\/a><br><a rel=\"noreferrer noopener\" href=\"https:\/\/sceau-archives-ovni.org\/fonds\/fond_psy\/presse_france\/1973_le_parisien_libere.pdf\" target=\"_blank\">1973 le parisien lib\u00e9r\u00e9<\/a><br><a rel=\"noreferrer noopener\" href=\"https:\/\/sceau-archives-ovni.org\/fonds\/fond_psy\/presse_france\/1974_le_parisien_libere.pdf\" target=\"_blank\">1974 le parisien lib\u00e9r\u00e9<\/a><\/p>\n\n\n\n<h2 class=\"has-text-align-center\">Fonds CNEGU<\/h2>\n\n\n\n<p class=\"has-text-align-center\"><a rel=\"noreferrer noopener\" href=\"https:\/\/sceau-archives-ovni.org\/fonds\/fonds_assos\/fonds_CNEGU\/base_fonds_CNEGU_CdP.html\" target=\"_blank\">Environ 550 coupures coupures de presse (<strong>*IA<\/strong>) <\/a> ann\u00e9es 1933-2012<\/p>\n\n\n\n<h2 class=\"has-text-align-center\">Contre Enqu\u00eates LDLN du <br>Catalogue de cas Jacques Vall\u00e9e<\/h2>\n\n\n\n<p class=\"has-text-align-center\"><a rel=\"noreferrer noopener\" href=\"https:\/\/sceau-archives-ovni.org\/fonds\/fond_ldln\/base_ldln_contre_enquetes.html\" target=\"_blank\">Non exhaustif. 61 cas  (<strong>*IA<\/strong>)<\/a><\/p>\n\n\n\n<h2 class=\"has-text-align-center\">Fiches Gueudelot 1430~1980. <br>Fonds<a href=\"https:\/\/sceau-archives-ovni.org\/?page_id=661&amp;lang=fr\" data-type=\"page\" data-id=\"661\"> Jeantheau\/Monnerie<\/a> &#8211; et &#8211; <a href=\"https:\/\/sceau-archives-ovni.org\/?page_id=654&amp;lang=fr\" data-type=\"page\" data-id=\"654\">GEPAN<\/a><\/h2>\n\n\n\n<p class=\"has-text-align-center\"><a href=\"https:\/\/sceau-archives-ovni.org\/fonds\/fond_gueudelot\/base_guy_jpr_fiches_gueudelot.html\" target=\"_blank\" rel=\"noreferrer noopener\">Environ 5000 fiches<\/a>  (<strong>*IA<\/strong>)<\/p>\n\n\n\n<h2 class=\"has-text-align-center\">Fonds Raoul Rob\u00e9<\/h2>\n\n\n\n<p class=\"has-text-align-center\"><a rel=\"noreferrer noopener\" href=\"https:\/\/sceau-archives-ovni.org\/fonds\/fond_rre\/base_fond_rre_CdP1_2_3_4.html\" target=\"_blank\">Environ 160 coupures et articles<\/a> (<strong>*IA+<\/strong>) ann\u00e9es 1954-2021<\/p>\n\n\n\n<h2 class=\"has-text-align-center\">Coupures de Presse du fonds Patrick Fournel 1957-2006<\/h2>\n\n\n\n<p class=\"has-text-align-center\"><a rel=\"noreferrer noopener\" href=\"https:\/\/sceau-archives-ovni.org\/fonds\/fond_patrick_fournel\/base_fond_patrick_fournel.html\" target=\"_blank\">Environ 400 coupures  (<strong>*IA<\/strong>)<\/a> ann\u00e9es 1957-2006<\/p>\n\n\n\n<h2 class=\"has-text-align-center\">Fonds Michel Figuet<\/h2>\n\n\n\n<p class=\"has-text-align-center\"><a rel=\"noreferrer noopener\" href=\"https:\/\/sceau-archives-ovni.org\/fonds\/fonds_michel_figuet\/base_fonds_michel_figuet_CdP.html\" target=\"_blank\">Environ 100 coupures de Presse Fran\u00e7aise (<strong>*IA<\/strong>)<\/a>  ann\u00e9es 1965-1995<br>(ouvre un lien vers un autre onglet)<br><a rel=\"noreferrer noopener\" href=\"https:\/\/sceau-archives-ovni.org\/fonds\/fonds_michel_figuet\/base_fonds_michel_figuet_divers.html\" target=\"_blank\">Articles et R\u00e9flexions (<strong>*IA<\/strong>+)<\/a><br><a rel=\"noreferrer noopener\" href=\"https:\/\/sceau-archives-ovni.org\/prive\/fonds_michel_figuet\/base_fonds_michel_figuet_enquetes.html\" target=\"_blank\">Enqu\u00eates (*IA)<\/a><\/p>\n\n\n\n<h2 class=\"has-text-align-center\">Fonds Joachim Fernandez <\/h2>\n\n\n\n<p class=\"has-text-align-center\"><a href=\"https:\/\/sceau-archives-ovni.org\/fonds\/fonds_joachim_fernandez\/base_fonds_joachim_fernandez_divers.html\" target=\"_blank\" rel=\"noreferrer noopener\">Articles, lettres et R\u00e9flexions (<strong>*IA<\/strong>)<\/a><\/p>\n\n\n\n<h2 class=\"has-text-align-center\">Contre Enqu\u00eates Desbois Catalogue R\u00e9gion Centre 1970<\/h2>\n\n\n\n<p class=\"has-text-align-center\"><a rel=\"noreferrer noopener\" href=\"https:\/\/sceau-archives-ovni.org\/fonds\/fond_ldln\/Desbois%20Catalogue%20R%c3%a9gional%20R%c3%a9gion%20Centre%201970.pdf\" target=\"_blank\">Document pdf<\/a><\/p>\n\n\n\n<hr class=\"wp-block-separator has-alpha-channel-opacity\"\/>\n\n\n\n<h2 class=\"has-text-align-center\">Fonds Jean Giraud<\/h2>\n\n\n\n<p class=\"has-text-align-center\"><a rel=\"noreferrer noopener\" href=\"https:\/\/sceau-archives-ovni.org\/prive\/fonds_jean_giraud\/base_fonds_jean_giraud_enquetes.html\" target=\"_blank\">Enqu\u00eates  (*IA)<\/a><br><a rel=\"noreferrer noopener\" href=\"https:\/\/sceau-archives-ovni.org\/fonds\/fonds_jean_giraud\/base_fonds_jean_giraud_divers.html\" target=\"_blank\">Articles, lettres et reflexions (*IA)<\/a><br><a rel=\"noreferrer noopener\" href=\"https:\/\/sceau-archives-ovni.org\/fonds\/fonds_jean_giraud\/base_fonds_jean_giraud_articles_de_presse.html\" target=\"_blank\">Articles de presse (*IA)<\/a><br><a rel=\"noreferrer noopener\" href=\"https:\/\/sceau-archives-ovni.org\/fonds\/fonds_jean_giraud\/11_photos_de_maquettes\/\" target=\"_blank\">11 photos de maquettes<\/a> reconstituant des cas plus ou moins c\u00e9l\u00e8bres<br><a rel=\"noreferrer noopener\" href=\"https:\/\/sceau-archives-ovni.org\/fonds\/fonds_jean_giraud\/chroniques_presse_catinat\/\" target=\"_blank\">Chroniques de Presse Catinat<\/a> ann\u00e9es 1954 et 1973-1978<br>il n&rsquo;a pas \u00e9t\u00e9 possible de traiter ces chroniques de la presse par IA en raison de la difficult\u00e9 \u00e0 obtenir un OCR s\u00e9parant correctement les r\u00e9f\u00e9rences et leurs dates.<br>Une recherche dans les pdf reste possible<\/p>\n\n\n\n<h2 class=\"has-text-align-center\">Fonds GPUN (en cours d&rsquo; anonymisation)<\/h2>\n\n\n\n<p class=\"has-text-align-center\"><a rel=\"noreferrer noopener\" href=\"https:\/\/sceau-archives-ovni.org\/prive\/fonds_assos\/fonds_GPUN\/enquetes_gpun.html\" target=\"_blank\">Enqu\u00eates  (*IA+)<\/a><\/p>\n\n\n\n<p><\/p>\n","protected":false},"excerpt":{"rendered":"<p>Les documents et num\u00e9risations proviennent de sources multiples. (*IA) : Documents trait\u00e9s automatiquement par Intelligence Artificielle. Non corrig\u00e9s pour la plupart. (*IA+) : Documents trait\u00e9s automatiquement par Intelligence Artificielle. Corrig\u00e9s manuellement. Vous trouverez (ici) des informations de contexte essentielles sur les limitations des r\u00e9sultats de traitement par IA. Les enqu\u00eates non anonymis\u00e9es sont dans les &hellip; <a href=\"https:\/\/sceau-archives-ovni.org\/?page_id=501&#038;lang=fr\" class=\"more-link\">Continuer la lecture de <span class=\"screen-reader-text\">NUM\u00c9RISATIONS<\/span>  <span class=\"meta-nav\">&rarr;<\/span><\/a><\/p>\n","protected":false},"author":1,"featured_media":0,"parent":0,"menu_order":1,"comment_status":"closed","ping_status":"closed","template":"","meta":{"ngg_post_thumbnail":0},"_links":{"self":[{"href":"https:\/\/sceau-archives-ovni.org\/index.php?rest_route=\/wp\/v2\/pages\/501"}],"collection":[{"href":"https:\/\/sceau-archives-ovni.org\/index.php?rest_route=\/wp\/v2\/pages"}],"about":[{"href":"https:\/\/sceau-archives-ovni.org\/index.php?rest_route=\/wp\/v2\/types\/page"}],"author":[{"embeddable":true,"href":"https:\/\/sceau-archives-ovni.org\/index.php?rest_route=\/wp\/v2\/users\/1"}],"replies":[{"embeddable":true,"href":"https:\/\/sceau-archives-ovni.org\/index.php?rest_route=%2Fwp%2Fv2%2Fcomments&post=501"}],"version-history":[{"count":6,"href":"https:\/\/sceau-archives-ovni.org\/index.php?rest_route=\/wp\/v2\/pages\/501\/revisions"}],"predecessor-version":[{"id":1216,"href":"https:\/\/sceau-archives-ovni.org\/index.php?rest_route=\/wp\/v2\/pages\/501\/revisions\/1216"}],"wp:attachment":[{"href":"https:\/\/sceau-archives-ovni.org\/index.php?rest_route=%2Fwp%2Fv2%2Fmedia&parent=501"}],"curies":[{"name":"wp","href":"https:\/\/api.w.org\/{rel}","templated":true}]}}