{"id":419,"date":"2016-06-05T15:55:13","date_gmt":"2016-06-05T13:55:13","guid":{"rendered":"http:\/\/sceau-archives-ovni.org\/wp\/?page_id=419"},"modified":"2016-06-05T15:55:13","modified_gmt":"2016-06-05T13:55:13","slug":"sos-archives-en-peril","status":"publish","type":"page","link":"https:\/\/sceau-archives-ovni.org\/?page_id=419&lang=fr","title":{"rendered":"SOS Archives en p\u00e9ril"},"content":{"rendered":"<p>Si vous avez connaissance d\u2019archives touchant \u00e0 l\u2019ufologie ou \u00e0 des questions connexes qui sont menac\u00e9es de disparition, nous vous remercions d\u2019avance de prendre contact avec le SCEAU dans les meilleurs d\u00e9lais, afin d\u2018\u00e9viter que se reproduisent les cas dramatiques observ\u00e9s par le pass\u00e9 et encore r\u00e9cemment.<\/p>\n","protected":false},"excerpt":{"rendered":"<p>Si vous avez connaissance d\u2019archives touchant \u00e0 l\u2019ufologie ou \u00e0 des questions connexes qui sont menac\u00e9es de disparition, nous vous remercions d\u2019avance de prendre contact avec le SCEAU dans les meilleurs d\u00e9lais, afin d\u2018\u00e9viter que se reproduisent les cas dramatiques observ\u00e9s par le pass\u00e9 et encore r\u00e9cemment.<\/p>\n","protected":false},"author":1,"featured_media":0,"parent":0,"menu_order":2,"comment_status":"closed","ping_status":"closed","template":"","meta":{"ngg_post_thumbnail":0},"_links":{"self":[{"href":"https:\/\/sceau-archives-ovni.org\/index.php?rest_route=\/wp\/v2\/pages\/419"}],"collection":[{"href":"https:\/\/sceau-archives-ovni.org\/index.php?rest_route=\/wp\/v2\/pages"}],"about":[{"href":"https:\/\/sceau-archives-ovni.org\/index.php?rest_route=\/wp\/v2\/types\/page"}],"author":[{"embeddable":true,"href":"https:\/\/sceau-archives-ovni.org\/index.php?rest_route=\/wp\/v2\/users\/1"}],"replies":[{"embeddable":true,"href":"https:\/\/sceau-archives-ovni.org\/index.php?rest_route=%2Fwp%2Fv2%2Fcomments&post=419"}],"version-history":[{"count":1,"href":"https:\/\/sceau-archives-ovni.org\/index.php?rest_route=\/wp\/v2\/pages\/419\/revisions"}],"predecessor-version":[{"id":420,"href":"https:\/\/sceau-archives-ovni.org\/index.php?rest_route=\/wp\/v2\/pages\/419\/revisions\/420"}],"wp:attachment":[{"href":"https:\/\/sceau-archives-ovni.org\/index.php?rest_route=%2Fwp%2Fv2%2Fmedia&parent=419"}],"curies":[{"name":"wp","href":"https:\/\/api.w.org\/{rel}","templated":true}]}}