{"id":373,"date":"2016-06-05T02:44:19","date_gmt":"2016-06-05T00:44:19","guid":{"rendered":"http:\/\/sceau-archives-ovni.org\/wp\/?page_id=373"},"modified":"2024-12-15T16:12:28","modified_gmt":"2024-12-15T15:12:28","slug":"hommages","status":"publish","type":"page","link":"https:\/\/sceau-archives-ovni.org\/?page_id=373&lang=fr","title":{"rendered":"Hommages"},"content":{"rendered":"<p>Les membres du <strong>SCEAU<\/strong> souhaitent ici rendre hommage aux ufologues r\u00e9cemment disparus.<\/p>\n<ul>\n<li>\n<figure id=\"attachment_956\" aria-describedby=\"caption-attachment-956\" style=\"width: 226px\" class=\"wp-caption alignright\"><img loading=\"lazy\" class=\"wp-image-956 size-medium\" src=\"https:\/\/sceau-archives-ovni.org\/wp\/wp-content\/uploads\/2024\/12\/2018_08_25_JSR-226x300.jpg\" alt=\"Jean Sider\" width=\"226\" height=\"300\" srcset=\"https:\/\/sceau-archives-ovni.org\/wp\/wp-content\/uploads\/2024\/12\/2018_08_25_JSR-226x300.jpg 226w, https:\/\/sceau-archives-ovni.org\/wp\/wp-content\/uploads\/2024\/12\/2018_08_25_JSR-770x1024.jpg 770w, https:\/\/sceau-archives-ovni.org\/wp\/wp-content\/uploads\/2024\/12\/2018_08_25_JSR-768x1022.jpg 768w, https:\/\/sceau-archives-ovni.org\/wp\/wp-content\/uploads\/2024\/12\/2018_08_25_JSR-1155x1536.jpg 1155w, https:\/\/sceau-archives-ovni.org\/wp\/wp-content\/uploads\/2024\/12\/2018_08_25_JSR.jpg 1172w\" sizes=\"(max-width: 226px) 100vw, 226px\" \/><figcaption id=\"caption-attachment-956\" class=\"wp-caption-text\">Jean Sider en 2018<\/figcaption><\/figure>\n<p>Nous avons appris avec tristesse le d\u00e9c\u00e8s de Jean Sider le 1er d\u00e9cembre 2024 \u00e0 Saint-Nazaire.<br \/>\nSes th\u00e8mes de pr\u00e9dilection originaux \u00e9taient les aspects sombres des interactions entre les humains et ces entit\u00e9s ind\u00e9finissables. Comme dans ses articles \u00ab\u00a0Mutilations Animales\u00a0\u00bb, \u00ab\u00a0Alien et D\u00e9mons\u00a0\u00bb, \u00ab\u00a0L&rsquo;Int\u00e9r\u00eat des Aliens pour la sexualit\u00e9 des Humains\u00a0\u00bb,&nbsp; les \u00ab\u00a0Enl\u00e8vements\u00a0\u00bb aux \u00e9tats unis. Il a \u00e9galement publi\u00e9 sur l&rsquo;ufologie am\u00e9ricaine.&nbsp;&nbsp;<br \/>\nJean Sider a \u00e9crit <a href=\"https:\/\/ufowaves.org\/ldln\/colab\/sommaires\/doku.php?id=jean_sider\" target=\"_blank\" rel=\"noopener\">au moins 45 articles<\/a> dans la revue Lumi\u00e8res dans la Nuit.&nbsp; Son nom y est cit\u00e9 dans plus de 172 num\u00e9ros.<br \/>\n<a href=\"https:\/\/fr.wikipedia.org\/wiki\/Jean_Sider\" target=\"_blank\" rel=\"noopener\">Sa bibliographie<\/a> sur Wikipedia.&nbsp;<br \/>\n<a href=\"https:\/\/fr-academic.com\/dic.nsf\/frwiki\/867383\" target=\"_blank\" rel=\"noopener\">Une bibliographie<\/a> plus compl\u00e8te sur fr-academic&nbsp;<br \/>\n<a href=\"https:\/\/www.facebook.com\/jeanmichel.grandsire.7\/videos\/1223985058696343\/?__cft__[0]=AZVlt5k2KAsnXqEd5WznB8Yv4mxxVPw3OR67dTXVaTUayZosm4wnMPm0k1_pUZmIcD1_tY-KA2k84zheRjfzJEK3qn3D4DGITHsrRBHspiWT-25XZE0hk0v5nEvlRM9Ba1DkxQFIXHwU-u1qpqMeJnNxvQ8HINjkkg3frBy9G9LjGg&amp;__tn__=%2CO%2CP-R\">Un \u00e9clat de rire de Jean Sider : Une anecdote saisie par Jean-Michel Grandsire<\/a><br \/>\nEn ao\u00fbt 2018, Jean avait fait don au SCEAU d&rsquo;une partie de ses archives.<\/p>\n<p>Voici une courte interview par Jean Louis Lagneau (r\u00e9dacteur en chef de LDLN) o\u00f9 il d\u00e9crit bri\u00e8vement ses exp\u00e9riences personnelles et les cas qui l&rsquo;ont marqu\u00e9.&nbsp;&nbsp;<br \/>\n<figure class=\"wp-block-embed wp-block-embed-youtube is-type-video is-provider-youtube epyt-figure\"><div class=\"wp-block-embed__wrapper\"><div class=\"epyt-video-wrapper\"><div  id=\"_ytid_37887\"  width=\"800\" height=\"450\"  data-origwidth=\"800\" data-origheight=\"450\"  data-relstop=\"1\" data-facadesrc=\"https:\/\/www.youtube.com\/embed\/PPTnDhbo3N4?enablejsapi=1&autoplay=0&cc_load_policy=0&cc_lang_pref=&iv_load_policy=3&loop=0&rel=0&fs=1&playsinline=0&autohide=2&theme=dark&color=red&controls=1&disablekb=0&\" class=\"__youtube_prefs__ epyt-facade no-lazyload\" data-epautoplay=\"1\" ><img data-spai-excluded=\"true\" class=\"epyt-facade-poster skip-lazy\" loading=\"lazy\"  alt=\"YouTube player\"  src=\"https:\/\/i.ytimg.com\/vi\/PPTnDhbo3N4\/maxresdefault.jpg\"  \/><button class=\"epyt-facade-play\" aria-label=\"Play\"><svg data-no-lazy=\"1\" height=\"100%\" version=\"1.1\" viewBox=\"0 0 68 48\" width=\"100%\"><path class=\"ytp-large-play-button-bg\" d=\"M66.52,7.74c-0.78-2.93-2.49-5.41-5.42-6.19C55.79,.13,34,0,34,0S12.21,.13,6.9,1.55 C3.97,2.33,2.27,4.81,1.48,7.74C0.06,13.05,0,24,0,24s0.06,10.95,1.48,16.26c0.78,2.93,2.49,5.41,5.42,6.19 C12.21,47.87,34,48,34,48s21.79-0.13,27.1-1.55c2.93-0.78,4.64-3.26,5.42-6.19C67.94,34.95,68,24,68,24S67.94,13.05,66.52,7.74z\" fill=\"#f00\"><\/path><path d=\"M 45,24 27,14 27,34\" fill=\"#fff\"><\/path><\/svg><\/button><\/div><\/div><\/div><\/figure><\/li>\n<\/ul>\n<hr>\n<ul>\n<li>\n<div class=\"xdj266r x11i5rnm xat24cr x1mh8g0r x1vvkbs x126k92a\">\n<div dir=\"auto\">C&rsquo;est avec une infinie tristesse que nous avons \u00e9t\u00e9 inform\u00e9 ce 2 octobre du d\u00e9c\u00e8s le 25 septembre 2024 de <strong>Gildas BOURDAIS<\/strong>, ufologue connu dans le monde entier comme sp\u00e9cialiste de l&rsquo;affaire de Roswell.&nbsp;<\/p>\n<figure id=\"attachment_949\" aria-describedby=\"caption-attachment-949\" style=\"width: 179px\" class=\"wp-caption alignright\"><img loading=\"lazy\" class=\"size-full wp-image-949\" src=\"https:\/\/sceau-archives-ovni.org\/wp\/wp-content\/uploads\/2024\/12\/gbs.jpg\" alt=\"Gildas Bourdais\" width=\"179\" height=\"220\"><figcaption id=\"caption-attachment-949\" class=\"wp-caption-text\">Gildas Bourdais<\/figcaption><\/figure>\n<\/div>\n<div dir=\"auto\">Au SCEAU, beaucoup d&rsquo;entre-nous connaissions Gildas depuis de nombreuses ann\u00e9es. Personnellement je l&rsquo;avais rencontr\u00e9 d\u00e8s la fin des ann\u00e9es 1990.<\/div>\n<div dir=\"auto\">Gildas \u00e9tait une personne sympathique et cultiv\u00e9e.<\/div>\n<div dir=\"auto\">Que l&rsquo;on soit d&rsquo;accord ou pas avec ses conclusions sur l&rsquo;affaire de Roswell, Gildas \u00e9tait ouvert \u00e0 la discussion, il argumentait, contre-argumentait, \u00e9coutait les critiques et les avis divergents avec patience. Ces \u00e9changes \u00e9taient toujours courtois et ne manquaient pas d&rsquo;humour.<\/div>\n<div dir=\"auto\">Il est l&rsquo;auteur de nombreux ouvrages sur Roswell, sur la d\u00e9sinformation, sur les \u00eatres c\u00e9lestes.<\/div>\n<\/div>\n<div class=\"x11i5rnm xat24cr x1mh8g0r x1vvkbs xtlvy1s x126k92a\">\n<div dir=\"auto\">Nous avons eu la chance qu&rsquo;il prenne contact avec nous au printemps dernier pour nous confier ses archives afin de les sauvegarder, les classer, en num\u00e9riser les documents les plus importants et \u00e0 terme d\u00e9poser l&rsquo;ensemble aux Archives Nationales \u00e0 Pierrefitte-sur-Seine (93) o\u00f9 elles seront mises \u00e0 la disposition des chercheurs.<\/div>\n<\/div>\n<div class=\"x11i5rnm xat24cr x1mh8g0r x1vvkbs xtlvy1s x126k92a\">\n<div dir=\"auto\">Par ailleurs, Gildas \u00e9tait un peintre de talent. Il fut aussi l&rsquo;auteur d&rsquo;un livre sur l&rsquo;Art Moderne en 1990, qui demeure une r\u00e9f\u00e9rence :<\/div>\n<div dir=\"auto\">\u00ab\u00a0Les Modernes et les Autres. Cent ans d\u2019art moderne dans le monde\u00a0\u00bb (367 pages, 450 illustrations couleur). Ce livre avait pour objectif la d\u00e9fense de l\u2019art moderne.<\/div>\n<div dir=\"auto\">Jean-Marie Dunoyer dans Le Monde de 1978 : \u00ab\u00a0&#8230;peintre de la mythologie moderne, de l\u2019\u00e8re \u00e9lectronicienne et nucl\u00e9aire qui hante les imaginations&#8230; . Ses monstres engendr\u00e9s par les fus\u00e9es et autres engins quittent la plan\u00e8te on ne sait pour quelle destination&#8230;\u00a0\u00bb&nbsp;<\/div>\n<div dir=\"auto\">\n<div dir=\"auto\">Gilles Durand<\/div>\n<div dir=\"auto\">Secr\u00e9taire du SCEAU\/Archives OVNI<\/div>\n<\/div>\n<div dir=\"auto\">Pour ses \u0153uvres picturales : <span class=\"html-span xdj266r x11i5rnm xat24cr x1mh8g0r xexx8yu x4uap5 x18d9i69 xkhd6sd x1hl2dhg x16tdsg8 x1vvkbs\"><a class=\"x1i10hfl xjbqb8w x1ejq31n xd10rxx x1sy0etr x17r0tee x972fbf xcfux6l x1qhh985 xm0m39n x9f619 x1ypdohk xt0psk2 xe8uvvx xdj266r x11i5rnm xat24cr x1mh8g0r xexx8yu x4uap5 x18d9i69 xkhd6sd x16tdsg8 x1hl2dhg xggy1nq x1a2a7pz x1sur9pj xkrqix3 x1fey0fg x1s688f\" tabindex=\"0\" role=\"link\" href=\"https:\/\/l.facebook.com\/l.php?u=https%3A%2F%2Flacapitalegalerie.fr%2Fgildas-bourdais-2%2F%3Ffbclid%3DIwZXh0bgNhZW0CMTAAAR19IhBwX7cuGZxWCTPvk-LaJJuK1B9huXaWZC5s1_yAWGsv2DySfwtrZD4_aem_zZWG8_Ecbs7M8CQv8ZgrBQ&amp;h=AT1sEGxUS10JQgnhRJz3bly2nyt9iSMAI15GubLLQZyze0iZIJPv1d7MjrUdDwESXlIl2s3eIdMLsdeBmA92EFtzLoKcCIsXBb5pMK_9JbIj-gKZ6b_rTbYD3EZuDphfPVlLTdBVS89ln2YeFKVU&amp;__tn__=-UK-R&amp;c[0]=AT0-2r6sBaLN80HM2RyLseRsMCjdJFqjdYiWS76DMMnZImkvZvRNfn0BMUlDOKOOP9ZzXzb6Q62GZ7KED9XqESXQtuT9ZbjXU-zn2x_XqmBju7iEZHh_F5v5o1HQurxvSgul338Cm7OsXLxUs4lAbMbq_Xioa-bHT56KVJccwn5ICjDdlHdM3P3M7jF1Io_jb1U5G4nUNUgTwC9XWkdnm832oQ\" target=\"_blank\" rel=\"nofollow noopener noreferrer\">https:\/\/lacapitalegalerie.fr\/gildas-bourdais-2\/<\/a><\/span><\/div>\n<div dir=\"auto\">(<a href=\"https:\/\/www.facebook.com\/sceauarchivovni\/posts\/pfbid02QuF5WbtLGBmDjoAZixrfNeiDFXAxeBjca9CznXe8XLTEWPiM4jA1S9KedvnwcU3dl?__cft__[0]=AZVtOAox5gQAA6VToBVD_A1DzYwMqwW5H-LE5amNT3IboMTV3e9b8UXDgeGauoV2kK43RHbYOF_er9GtIXdQNr6ETxJ2A_a3F2SFkWt5x3yo5o4-ywIxwKaFxfr25wxnCE3hoPiEHR_FdttI4hhomNPUB7gaMmXpQQZlynM-diwmEjifpDrDeCkL7zWRKY2UgWE&amp;__tn__=%2CO%2CP-R\">source<\/a> : <a href=\"https:\/\/www.facebook.com\/sceauarchivovni\/posts\/pfbid02QuF5WbtLGBmDjoAZixrfNeiDFXAxeBjca9CznXe8XLTEWPiM4jA1S9KedvnwcU3dl?__cft__[0]=AZVtOAox5gQAA6VToBVD_A1DzYwMqwW5H-LE5amNT3IboMTV3e9b8UXDgeGauoV2kK43RHbYOF_er9GtIXdQNr6ETxJ2A_a3F2SFkWt5x3yo5o4-ywIxwKaFxfr25wxnCE3hoPiEHR_FdttI4hhomNPUB7gaMmXpQQZlynM-diwmEjifpDrDeCkL7zWRKY2UgWE&amp;__tn__=%2CO%2CP-R\">site Facebook du SCEAU<\/a>)<\/div>\n<div dir=\"auto\">Voici une CONVERSATION A B\u00c2TONS ROMPUS AVEC GILDAS BOURDAIS par Jonathan Gin\u00e9 (<a href=\"https:\/\/www.facebook.com\/permalink.php?story_fbid=pfbid02JPNpSc9DwXZw1Cnwd4essmMHK5oMbt4Xsf8okMEpgNBmpwL5GGiswmGaBdARHcdal&amp;id=100087669887818&amp;__cft__[0]=AZVBveoKXqp6F9ovbzFg8hWsXATjfyJsnvu26PzhR8aFjnLRZr3KSroITcCe5fuuMYvOpWS2uPzFTXjbjsgcGqBbgAqC7BxDdO-U8Fu-ON-QggGS661N1P3bsuASySE40XedBRy-Ygf_yg986ucL78YmEZlfDOtWlIIzFXfVpSZQBQ&amp;__tn__=%2CO%2CP-R\">source<\/a>) <figure class=\"wp-block-embed wp-block-embed-youtube is-type-video is-provider-youtube epyt-figure\"><div class=\"wp-block-embed__wrapper\"><div class=\"epyt-video-wrapper\"><div  id=\"_ytid_25607\"  width=\"800\" height=\"450\"  data-origwidth=\"800\" data-origheight=\"450\"  data-relstop=\"1\" data-facadesrc=\"https:\/\/www.youtube.com\/embed\/YdQUJsLUVeo?enablejsapi=1&autoplay=0&cc_load_policy=0&cc_lang_pref=&iv_load_policy=3&loop=0&rel=0&fs=1&playsinline=0&autohide=2&theme=dark&color=red&controls=1&disablekb=0&\" class=\"__youtube_prefs__ epyt-facade no-lazyload\" data-epautoplay=\"1\" ><img data-spai-excluded=\"true\" class=\"epyt-facade-poster skip-lazy\" loading=\"lazy\"  alt=\"YouTube player\"  src=\"https:\/\/i.ytimg.com\/vi\/YdQUJsLUVeo\/maxresdefault.jpg\"  \/><button class=\"epyt-facade-play\" aria-label=\"Play\"><svg data-no-lazy=\"1\" height=\"100%\" version=\"1.1\" viewBox=\"0 0 68 48\" width=\"100%\"><path class=\"ytp-large-play-button-bg\" d=\"M66.52,7.74c-0.78-2.93-2.49-5.41-5.42-6.19C55.79,.13,34,0,34,0S12.21,.13,6.9,1.55 C3.97,2.33,2.27,4.81,1.48,7.74C0.06,13.05,0,24,0,24s0.06,10.95,1.48,16.26c0.78,2.93,2.49,5.41,5.42,6.19 C12.21,47.87,34,48,34,48s21.79-0.13,27.1-1.55c2.93-0.78,4.64-3.26,5.42-6.19C67.94,34.95,68,24,68,24S67.94,13.05,66.52,7.74z\" fill=\"#f00\"><\/path><path d=\"M 45,24 27,14 27,34\" fill=\"#fff\"><\/path><\/svg><\/button><\/div><\/div><\/div><\/figure>&nbsp;<\/p>\n<\/div>\n<\/div>\n<\/li>\n<\/ul>\n<hr>\n<ul>\n<li>\n<div class=\"kvgmc6g5 cxmmr5t8 oygrvhab hcukyx3x c1et5uql ii04i59q\">\n<div dir=\"auto\">Notre ancien vice-pr\u00e9sident, <strong>Jean-Louis PEYRAUT<\/strong>, nous a quitt\u00e9.<\/div>\n<\/div>\n<div class=\"cxmmr5t8 oygrvhab hcukyx3x c1et5uql o9v6fnle ii04i59q\">\n<div dir=\"auto\">C&rsquo;est avec stup\u00e9faction que nous avons appris que notre coll\u00e8gue et ami Jean-Louis Peyraut \u00e9tait d\u00e9c\u00e9d\u00e9 le <strong>2 juin 2022<\/strong>. Nous \u00e9tant inqui\u00e9t\u00e9 de son silence (il \u00e9tait un animal nocturne, adepte des posts divers et vari\u00e9s sur nos messageries et dont nous relevions le fruit des cogitations chaque matin), notre ami R\u00e9my demanda \u00e0 une ufologue troyenne de se rendre chez lui o\u00f9 elle apprit la tragique nouvelle.<\/div>\n<div dir=\"auto\">Jean-Louis \u00e9tait un convaincu de l&rsquo;imp\u00e9rieuse n\u00e9cessit\u00e9 de la sauvegarde des archives ufologiques.<\/div>\n<div dir=\"auto\">D\u00e8s le milieu des ann\u00e9es 1990 il devint membre du SCEAU, en 1998 il en devint administrateur et en 2000 vice-pr\u00e9sident, poste qu&rsquo;il ne quittera plus jusqu&rsquo;en 2020.<\/div>\n<div dir=\"auto\">Voici comment il se pr\u00e9sente sur le site du SCEAU &#8211; c&rsquo;est tout lui dans sa fa\u00e7on de pr\u00e9senter son parcours ufologique :<\/div>\n<div dir=\"auto\">\u00ab\u00a0Jean-Louis, Norbert, Vincent PEYRAUT est n\u00e9 en 1948 \u00e0 Saintes (17), et sa conception doit ( plus ou moins \u2026) intervenir avec le moment o\u00f9 le g\u00e9n\u00e9ral Twining r\u00e9digeait son fameux m\u00e9morandum \u00e0 destination de son adjoint, le g\u00e9n\u00e9ral Schulgen !\u2026 Rien d\u00e8s lors de surprenant qu\u2019il retrouve les soucoupes volantes en 1955 , par l\u2019interm\u00e9diaire du r\u00e9seau du Rail fran\u00e7ais, la communaut\u00e9 des cheminots de la SNCF . Cet enracinement culturel sera renforc\u00e9 par la passion qu\u2019il \u00e9prouvera pour l\u2019Astronomie et l\u2019Astronautique , formant un \u00ab triangle \u00bb dont les points formeront l\u2019axe de sa Connaissance !\u2026<\/div>\n<div dir=\"auto\">Il se tiendra toujours inform\u00e9 des nouvelles de l\u2019Ufologie au long de ses \u00e9tudes puis de sa vie professionnelle : d\u2019abord par son adh\u00e9sion philosophique au mouvement des \u00abmagiciens \u00bb , le \u00ab R\u00e9alisme Fantastique \u00bb de la \u00ab bande \u00bb au magazine \u00ab Plan\u00e8te \u00bb , qui bousculait les partis pris des savoirs institutionnels ; ensuite en mettant son exp\u00e9rience de reporter-photographe au service de la recherche des ovnis.<\/div>\n<div dir=\"auto\">Cette recherche l\u2019am\u00e8nera \u00e0 l\u2019affaire de Cergy-Pontoise, qu\u2019il va explorer en profondeur comme membre du groupe \u00ab Control \u00bb , mais aussi comme pr\u00e9sident du GAU ( Groupement Aubois d\u2019Ufologie) !\u2026 Il publie des articles scientifiques ( sur l\u2019ufologie, notamment) dans divers journaux et magazines ( principalement , le quotidien d\u00e9partemental Lib\u00e9ration-Champagne ) , ainsi que \u00ab Science &amp; Vie \u00bb, \u00ab Sciences &amp; Avenir \u00bb, la revue du CVLDLN \u00ab la ligne bleue survol\u00e9e ? \u00bb, celle de l&rsquo;AESV \u00ab Ovni Pr\u00e9sence \u00bb \u2026. Son exp\u00e9rience associative est riche aussi , participant au r\u00e9seau \u00abSOS-OVNI \u00bb ainsi qu\u2019au \u00abCNEGU \u00bb ; il sera pendant 15 ans le secr\u00e9taire g\u00e9n\u00e9ral de son club d\u2019astronomie d\u2019amateur . C\u2019est d\u2019ailleurs au cours d\u2019une soir\u00e9e d\u2019observation des \u00e9toiles (en 1980) que sa connaissance culturelle des ovnis va se consolider par le spectacle d\u2019un myst\u00e9rieux satellite , son \u00abrendez-vous avec Rama\u00bb personnel, comme il l\u2019intitulera par la suite !\u2026 Ce suivi orbital d\u2019un \u00ab chevalier noir \u00bb ( expression de l\u2019\u00e9poque, se r\u00e9f\u00e9rant \u00e0 l\u2019\u00e9trange satellite d\u00e9tect\u00e9 par la NASA vers 1964 et jamais identifi\u00e9 ..) lui confirme l\u2019existence pratique d\u2019un ph\u00e9nom\u00e8ne d\u2019origine exog\u00e8ne dans l\u2019atmosph\u00e8re et parfois au sol !\u2026<\/div>\n<div dir=\"auto\">Cette base objective et son parcours \u00ab amateur \u00bb comme astronome et journaliste, et professionnel en tant qu\u2019archiviste, lui ont permis de participer \u00e0 la vie d\u2019une communaut\u00e9 ufologique toujours en formation et militer \u00e0 ce qu\u2019elle re\u00e7oive un meilleur accueil au sein de l\u2019\u00e9volution sociale actuelle \u00ab\u00a0.<\/div>\n<div dir=\"auto\">Belle preuve, s&rsquo;il en est, qu&rsquo;il n&rsquo;y a pas que \u00ab\u00a0d&rsquo;affreux sceptiques\u00a0\u00bb au SCEAU comme d&rsquo;aucuns le pr\u00e9tendent.<\/div>\n<div dir=\"auto\">En plus d&rsquo;\u00eatre membre du SCEAU, Jean-Louis fut l&rsquo;un des co-fondateurs d&rsquo;OVNI-Champagne, dans le courant des ann\u00e9es 2010, avec Jeannot Buteux et Danielle Chamarande.<\/div>\n<\/div>\n<div class=\"cxmmr5t8 oygrvhab hcukyx3x c1et5uql o9v6fnle ii04i59q\">\n<div dir=\"auto\">Adieu l&rsquo;ami,<\/div>\n<\/div>\n<div class=\"cxmmr5t8 oygrvhab hcukyx3x c1et5uql o9v6fnle ii04i59q\">\n<div dir=\"auto\">Gilles Durand<\/div>\n<div dir=\"auto\">Secr\u00e9taire du SCEAU\/Archives OVNI<\/div>\n<\/div>\n<div dir=\"auto\">&nbsp;<\/div>\n<\/li>\n<\/ul>\n<div dir=\"auto\"><img loading=\"lazy\" class=\"size-full wp-image-600 aligncenter\" src=\"https:\/\/sceau-archives-ovni.org\/wp\/wp-content\/uploads\/2022\/07\/JeanLouisPEYRAULT.jpg\" alt=\"\" width=\"720\" height=\"404\" srcset=\"https:\/\/sceau-archives-ovni.org\/wp\/wp-content\/uploads\/2022\/07\/JeanLouisPEYRAULT.jpg 720w, https:\/\/sceau-archives-ovni.org\/wp\/wp-content\/uploads\/2022\/07\/JeanLouisPEYRAULT-300x168.jpg 300w\" sizes=\"(max-width: 720px) 100vw, 720px\" \/><\/div>\n<div dir=\"auto\">&nbsp;<\/div>\n<div dir=\"auto\"><figure class=\"wp-block-embed wp-block-embed-youtube is-type-video is-provider-youtube epyt-figure\"><div class=\"wp-block-embed__wrapper\"><div class=\"epyt-video-wrapper\"><div  id=\"_ytid_33352\"  width=\"800\" height=\"450\"  data-origwidth=\"800\" data-origheight=\"450\"  data-relstop=\"1\" data-facadesrc=\"https:\/\/www.youtube.com\/embed\/4EeBgd_u8i0?enablejsapi=1&autoplay=0&cc_load_policy=0&cc_lang_pref=&iv_load_policy=3&loop=0&rel=0&fs=1&playsinline=0&autohide=2&theme=dark&color=red&controls=1&disablekb=0&\" class=\"__youtube_prefs__ epyt-facade no-lazyload\" data-epautoplay=\"1\" ><img data-spai-excluded=\"true\" class=\"epyt-facade-poster skip-lazy\" loading=\"lazy\"  alt=\"YouTube player\"  src=\"https:\/\/i.ytimg.com\/vi\/4EeBgd_u8i0\/maxresdefault.jpg\"  \/><button class=\"epyt-facade-play\" aria-label=\"Play\"><svg data-no-lazy=\"1\" height=\"100%\" version=\"1.1\" viewBox=\"0 0 68 48\" width=\"100%\"><path class=\"ytp-large-play-button-bg\" d=\"M66.52,7.74c-0.78-2.93-2.49-5.41-5.42-6.19C55.79,.13,34,0,34,0S12.21,.13,6.9,1.55 C3.97,2.33,2.27,4.81,1.48,7.74C0.06,13.05,0,24,0,24s0.06,10.95,1.48,16.26c0.78,2.93,2.49,5.41,5.42,6.19 C12.21,47.87,34,48,34,48s21.79-0.13,27.1-1.55c2.93-0.78,4.64-3.26,5.42-6.19C67.94,34.95,68,24,68,24S67.94,13.05,66.52,7.74z\" fill=\"#f00\"><\/path><path d=\"M 45,24 27,14 27,34\" fill=\"#fff\"><\/path><\/svg><\/button><\/div><\/div><\/div><\/figure><\/div>\n<div class=\"cxmmr5t8 oygrvhab hcukyx3x c1et5uql o9v6fnle ii04i59q\">\n<div dir=\"auto\">&nbsp;<\/div>\n<\/div>\n<div dir=\"auto\">\n<hr>\n<\/div>\n<ul>\n<li>Le 12 janvier 2011, <strong>Henri Chaloupek<\/strong> (1923-2011) nous quittait. Cet ufologue de la premi\u00e8re heure \u00e9tait pour certains d&rsquo;entre nous un ami et le SCEAU a souhait\u00e9 produire une plaquette rassemblant de nombreux t\u00e9moignages en hommage \u00e0 Henri Chaloupek.[<a href=\"https:\/\/sceau-archives-ovni.org\/wp\/wp-content\/uploads\/2016\/06\/hommage_henri_chaloupek.pdf\">Hommage \u00e0 Henri Chaloupek &#8211; plaquette SCEAU<\/a> (PDF, 2,7 Mo)]<br \/>\nUn petit fascicule assez largement diffus\u00e9 : Souvenirs d&rsquo;un soucoupiste. <a href=\"https:\/\/sceau-archives-ovni.org\/wp\/wp-content\/uploads\/2023\/09\/debut_de_l_ufologie_en_france_le_h_chaloupek_1997_fonds_gde.pdf\">&nbsp;Les D\u00e9buts de L&rsquo;ufologie en France<\/a>. Scan r\u00e9alis\u00e9 par G\u00e9rard Deforge.<\/li>\n<\/ul>\n<div>\n<ul>\n<li>Le 22 f\u00e9vrier 2011, <strong>Ion Hobana<\/strong> (1931-2011) nous quittait. Cet ufologue, pionnier de l&rsquo;ufologie roumaine, \u00e9tait en relation avec plusieurs d&rsquo;entre-nous et le SCEAU s&rsquo;associe \u00e0 la peine de sa famille et de ses amis, et tout&nbsp; particuli\u00e8rement&nbsp; Dan Farcas et les membres de l&rsquo;association ASFAN dont il \u00e9tait le pr\u00e9sident. Ion Hobana a publi\u00e9 plusieurs ouvrages dont un a \u00e9t\u00e9 traduit en fran\u00e7ais, co-\u00e9crit avec Julien Weverbergh : \u00ab\u00a0OVNI en URSS et dans les Pays de l&rsquo;Est\u00a0\u00bb, chez Robert Laffont et qui, en 1976, connut un vrai succ\u00e8s dans le monde ufologique francophone.<\/li>\n<\/ul>\n<\/div>\n","protected":false},"excerpt":{"rendered":"<p>Les membres du SCEAU souhaitent ici rendre hommage aux ufologues r\u00e9cemment disparus. Nous avons appris avec tristesse le d\u00e9c\u00e8s de Jean Sider le 1er d\u00e9cembre 2024 \u00e0 Saint-Nazaire. Ses th\u00e8mes de pr\u00e9dilection originaux \u00e9taient les aspects sombres des interactions entre les humains et ces entit\u00e9s ind\u00e9finissables. Comme dans ses articles \u00ab\u00a0Mutilations Animales\u00a0\u00bb, \u00ab\u00a0Alien et D\u00e9mons\u00a0\u00bb, &hellip; <a href=\"https:\/\/sceau-archives-ovni.org\/?page_id=373&#038;lang=fr\" class=\"more-link\">Continuer la lecture de <span class=\"screen-reader-text\">Hommages<\/span>  <span class=\"meta-nav\">&rarr;<\/span><\/a><\/p>\n","protected":false},"author":1,"featured_media":0,"parent":0,"menu_order":6,"comment_status":"closed","ping_status":"closed","template":"","meta":{"ngg_post_thumbnail":0},"_links":{"self":[{"href":"https:\/\/sceau-archives-ovni.org\/index.php?rest_route=\/wp\/v2\/pages\/373"}],"collection":[{"href":"https:\/\/sceau-archives-ovni.org\/index.php?rest_route=\/wp\/v2\/pages"}],"about":[{"href":"https:\/\/sceau-archives-ovni.org\/index.php?rest_route=\/wp\/v2\/types\/page"}],"author":[{"embeddable":true,"href":"https:\/\/sceau-archives-ovni.org\/index.php?rest_route=\/wp\/v2\/users\/1"}],"replies":[{"embeddable":true,"href":"https:\/\/sceau-archives-ovni.org\/index.php?rest_route=%2Fwp%2Fv2%2Fcomments&post=373"}],"version-history":[{"count":5,"href":"https:\/\/sceau-archives-ovni.org\/index.php?rest_route=\/wp\/v2\/pages\/373\/revisions"}],"predecessor-version":[{"id":994,"href":"https:\/\/sceau-archives-ovni.org\/index.php?rest_route=\/wp\/v2\/pages\/373\/revisions\/994"}],"wp:attachment":[{"href":"https:\/\/sceau-archives-ovni.org\/index.php?rest_route=%2Fwp%2Fv2%2Fmedia&parent=373"}],"curies":[{"name":"wp","href":"https:\/\/api.w.org\/{rel}","templated":true}]}}