{"id":318,"date":"2016-06-05T01:52:55","date_gmt":"2016-06-04T23:52:55","guid":{"rendered":"http:\/\/sceau-archives-ovni.org\/wp\/?page_id=318"},"modified":"2016-06-05T16:10:49","modified_gmt":"2016-06-05T14:10:49","slug":"sur-quelques-cas-dramatiques-de-disparitiondestruction-darchives-ufologique","status":"publish","type":"page","link":"https:\/\/sceau-archives-ovni.org\/?page_id=318&lang=fr","title":{"rendered":"Sur quelques cas dramatiques de disparition\/destruction d&rsquo;archives ufologique"},"content":{"rendered":"<p align=\"justify\">(Paru dans le <a href=\"https:\/\/sceau-archives-ovni.org\/wp\/?p=209&amp;lang=fr\">Bulletin du SCEAU no. 7<\/a> &#8211; 2003-2004)<\/p>\n<div align=\"justify\">Dans la lettre d\u2019accompagnement de notre <strong>questionnaire<\/strong>, qui est souvent le premier lien avec nos soci\u00e9taires potentiels, nous faisons \u00e9tat, pour renforcer notre argumentaire, \u00ab\u00a0des exemples dramatiques de pertes ou de destructions d\u2019archives\u00a0\u00bb, sans d\u00e9tails, tout en ayant \u00e0 l\u2019esprit des cas bien pr\u00e9cis et \u00f4 combien douloureux&#8230;<\/div>\n<p align=\"justify\"><em><strong>De Charybde en Scylla<\/strong><\/em><br \/>\nAujourd\u2019hui des faits nouveaux viennent renforcer nos craintes sur le devenir de certaines archives ufologiques quand leur sauvegarde n\u2019a pas \u00e9t\u00e9 ouvertement envisag\u00e9e. Ce nouvel exemple est tout aussi dramatique que, le fut en son temps, la disparition\/d\u00e9mant\u00e8lement des archives de Marc <strong>Thirouin<\/strong>, pionnier (et l\u2019un des fondateurs) de l\u2019ufologie fran\u00e7aise.<\/p>\n<p align=\"justify\">A cette occasion nous souhaitons vous entretenir de ce cas, et vous rappeler ces exemples pass\u00e9s qui nous ont amen\u00e9 \u00e0 cr\u00e9er le<strong>SCEAU\/Archives OVNI<\/strong> ainsi que ces incidents qui \u00e9maillent assez r\u00e9guli\u00e8rement le quotidien de l\u2019ufologie. Comme nous le signalons ci-dessus, la destruction quasi totale, dans les ann\u00e9es 70, des archives de Marc <strong>Thirouin<\/strong>, fondateur en <strong>1951<\/strong> de la <strong>Commission<\/strong><strong> d\u2019Enqu\u00eate Ouranos<\/strong>, est le cas le plus connu de ce type d\u2019atteinte au patrimoine ufologique. Heureusement la <strong>CE Ouranos<\/strong> ayant surv\u00e9cu, une partie des archives fut reconstitu\u00e9e. Par ailleurs, l\u2019 \u00ab\u00a0<strong>Association des Amis de Marc Thirouin<\/strong>\u00a0\u00bb (<strong>AAMT<\/strong>) \u0153uvra \u00e9galement dans ce sens. Cependant, l\u2019ensemble du courrier ufologique de Marc <strong>Thirouin<\/strong>, ainsi que de nombreuses enqu\u00eates semblent avoir \u00e9t\u00e9 irr\u00e9m\u00e9diablement perdus. En parcourant les r\u00e9ponses \u00e0 notre questionnaire, nous trouvons \u00e9galement quelques cas d\u2019autodaf\u00e9s d\u2019archives jug\u00e9es \u00ab\u00a0<em>insignifiantes<\/em>\u00a0\u00bb ou \u00ab\u00a0<em>sans grand int\u00e9r\u00eat<\/em>\u00a0\u00bb par leurs propri\u00e9taires. S\u2019ils sont seuls juges de leur acte, cette attitude est cependant regrettable et nous laisse dans l\u2019expectative, car ce que peut signifier \u201csans int\u00e9r\u00eat\u201d pour les uns, peut \u00eatre d\u2019un tout autre ordre de valeur pour les autres (et l\u00e0 nous pensons aux historiens et aux sociologues).<\/p>\n<p align=\"justify\">Posons-nous la question : existe-t-il des archives insignifiantes&#8230;? en guise de r\u00e9ponse j\u2019irai rechercher un exemple cruel dans le milieu associatif, hors ufologie, mais demeurant proche de nos pr\u00e9occupations. Lors du d\u00e9m\u00e9nagement, dans les ann\u00e9es <strong>70<\/strong>, des archives de la tr\u00e8s fameuse association cr\u00e9\u00e9e par Gaston <strong>Tissandier<\/strong> et Camille <strong>Flammarion<\/strong>, la <strong>Soci\u00e9t\u00e9<\/strong> <strong>Astronomique<\/strong> <strong>de France<\/strong>, qui allait rejoindre ces locaux actuels de la <strong>rue<\/strong> <strong>Beethoven<\/strong>, il se noua un drame que personne n\u2019aurait imagin\u00e9 un seul instant. La <strong>SAF<\/strong> avait fait appel \u00e0 certains de ses b\u00e9n\u00e9voles pour effectuer la mise en cartons de ses collections. Ceux-ci \u00e9taient pour la plupart de jeunes membres enthousiastes. Dans ce cas ils le furent un peu trop&#8230;car voyant le volume imposant de documents \u00e0 manipuler, il leur vint l\u2019id\u00e9e insens\u00e9e d\u2019en faire le tri pr\u00e9alable pour all\u00e9ger leur t\u00e2che. Un postulat des plus arbitraires fut adopt\u00e9 : tout ce qui \u00e9tait ant\u00e9rieur aux ann\u00e9es <strong>50<\/strong> fut jug\u00e9 \u00ab\u00a0<em>vieilleries sans valeur et insignifiantes<\/em>\u00ab\u00a0, donc sans int\u00e9r\u00eat et fut syst\u00e9matiquement offert \u00e0 l\u2019app\u00e9tit insatiable des poubelles de la <strong>Ville<\/strong><strong> de Paris<\/strong> ! collections de revues anciennes (m\u00eame une partie des <strong>Comptes Rendus des s\u00e9ances de l\u2019Acad\u00e9mie des Sciences<\/strong>), milliers de lettres re\u00e7ues depuis <strong>1885<\/strong>, \u00e9ph\u00e9m\u00e9rides d\u2019observateurs du ciel, croquis d\u2019observations \u00e0 la lunette, &amp;c&#8230; tout disparut. Cet acte fut commis sans en r\u00e9f\u00e9rer aux responsables de l\u2019association et sans avoir obtenu le moindre aval de quiconque<\/p>\n<p align=\"justify\">Aujourd\u2019hui encore, des courriers de certains grands savants et astronomes, tels <strong>Le Verrier<\/strong>, <strong>Arago<\/strong>, <strong>Herschel<\/strong>, <strong>Tissandier<\/strong>, <strong>Flammarion<\/strong>, et bien d\u2019autres, ainsi que les observations d\u2019amateurs anonymes, font d\u00e9faut aux chercheurs et ce de fa\u00e7on irr\u00e9versible ! Le conservateur en parlait encore dans les ann\u00e9es <strong>1980<\/strong> avec une grande \u00e9motion. Ainsi m\u00eame ces associations institutionnelles, et alertes centenaires, ne sont pas \u00e0 l\u2019abri de tribulations caus\u00e9es par des membres qui ne voient pas beaucoup plus loin que le bout de leur nez et qui s\u2019octroient des pouvoirs d\u00e9cisionnaires qui ne leurs sont pas acquis. Ici nous serions en pr\u00e9sence de jeunes gens immatures au jugement plus qu\u2019incertain. Mais certaines personnes pensent que nous pourrions \u00eatre en face d\u2019un d\u00e9tournement d\u2019archives, \u00e0 des fins mercantiles, dissimul\u00e9es derri\u00e8re une soi-disant \u201cfatale erreur de jugement\u201d. Restons donc toujours vigilants aux d\u00e9rives possibles et n\u2019h\u00e9sitons pas \u00e0 superviser m\u00eame ce qui semble aller de soi. En <strong>1994<\/strong>, Jocelyn <strong>Morel<\/strong>, qui venait de r\u00e9activer l\u2019association nordiste <strong>GNEOVNI<\/strong>, lan\u00e7a un cri d\u2019alarme: les archives de l\u2019association avaient disparu ! Selon son t\u00e9moignage, ces derni\u00e8res \u00e9taient entrepos\u00e9es depuis des ann\u00e9es dans un local pr\u00eat\u00e9 \u00e0 l\u2019association par la municipalit\u00e9. Lors du changement de destination de l\u2019immeuble dont elle se s\u00e9parait au profit d\u2019un propri\u00e9taire priv\u00e9, ce dernier n\u2019aurait eu cure de cet amoncellement de paperasses au contenu exotique et en fit don aux d\u00e9ch\u00e8teries locales.<\/p>\n<p align=\"justify\">Mais l\u2019affaire qui a motiv\u00e9 cet article est la suivante. Nous avons \u00e9t\u00e9 inform\u00e9s, derni\u00e8rement, de la disparition des archives d\u2019un chercheur\/enqu\u00eateur (dont nous conserverons l\u2019anonymat), tr\u00e8s actif il y a quelques ann\u00e9es dans sa r\u00e9gion et qui avait depuis environ une d\u00e9cennie cess\u00e9 toutes recherches sur les <strong>OVNI<\/strong>. Ces archives viennent d\u2019\u00eatre d\u00e9truites \u00e0 son insu ! C\u2019est un cas particuli\u00e8rement dramatique, car ces documents furent \u00ab\u00a0<strong><em>purifi\u00e9s<\/em><\/strong>\u00a0\u00bb par le feu sous l\u2019emprise d\u2019un \u00ab\u00a0mystique\u00a0\u00bb exalt\u00e9 qui convainc l\u2019un des proches de l&rsquo;ufologue que cette documentation \u00e9tait de nature \u00ab\u00a0<strong><em>diabolique<\/em><\/strong>\u00ab\u00a0. C\u2019est toute une biblioth\u00e8que qui semble \u00eatre parti en fum\u00e9e, mais \u00e9galement l\u2019ensemble des rapports d\u2019enqu\u00eates et les divers travaux effectu\u00e9s par cet enqu\u00eateur et le groupe dont il avait pr\u00e9sid\u00e9 la destin\u00e9e. C\u2019est une perte <strong>irr\u00e9parable.<\/strong> Aujourd&rsquo;hui cet ufologue a d\u00e9cid\u00e9 de redevenir\u00a0actif et a demand\u00e9 l&rsquo;aide de la communaut\u00e9 pour reconstituer sa documentation.<\/p>\n<p align=\"justify\">Cette m\u00e9saventure est \u00e0 rapprocher d\u2019un cas qui m\u2019a \u00e9t\u00e9 rapport\u00e9 au printemps <strong>2002<\/strong> par une personne \u201caccro\u201d (sic) des <strong>OVNI<\/strong> dans les ann\u00e9es 19<strong>70<\/strong>, ayant une biblioth\u00e8que d\u2019une centaine de titres, une collection de coupures de presse des ann\u00e9es <strong>1960\/1970<\/strong>, des revues (<strong>LDLN, <\/strong><strong>GEPA, GEOS<\/strong>). Cette personne \u00e9tait totalement ind\u00e9pendante, mais localement active en <strong>Essonne<\/strong>. Au cours des ann\u00e9es <strong>1980<\/strong>, en p\u00e9riode de d\u00e9prime, elle fut approch\u00e9e par une groupe religieux \u00e0 tendance sectaire. Sans \u00e9pouser totalement sa doctrine, elle se plia \u00e0 certains de ses pr\u00e9ceptes et cessa presque du jour au lendemain de s\u2019int\u00e9resser au <strong>Ph\u00e9nom\u00e8ne OVNI<\/strong> et au paranormal, convaincue d\u00e8s lors de la futilit\u00e9 de ses recherches. Elle fit disparaitre ses archives, partiellement au grenier, dans les braderies de livres, et jeta le reste. Ce qui pouvait subsister dispar\u00fbt au fur et \u00e0 mesure de ses d\u00e9m\u00e9nagements successifs.<\/p>\n<p align=\"justify\">Dans la m\u00eame veine, un cas est parvenu \u00e0 ma connaissance \u00e0 \u00e9t\u00e9 <strong>2004 <\/strong>lors de recherches dans le cadre de l\u2019enrichissement de notre <strong>R\u00e9pertoire ufologique<\/strong>. Apr\u00e8s avoir contact\u00e9 quelques personnes en <strong>Bretagne<\/strong>, je fus aiguill\u00e9 par l&rsquo;un de mes interlocuteurs vers le fr\u00e8re de la personne que je recherchais. Celle-ci m\u2019apprit que son fr\u00e8re, enqu\u00eateur pour<strong> LDLN<\/strong> dans les ann\u00e9es <strong>1970<\/strong>, s\u2019\u00e9tait donn\u00e9 la mort \u00e0 17 ans pour avoir, selon mon correspondant, \u201capproch\u00e9 de trop pr\u00e8s le paranormal extr\u00eame\u201d. Traumatis\u00e9e, la famille d\u00e9truisit l\u2019ensemble de sa documentation.<\/p>\n<p align=\"justify\"><em><strong>Avis de recherche ! <\/strong><\/em><br \/>\nAujourd\u2019hui nous ne savons pas ce que sont devenues les archives de nombreuses associations actives il y a 2 ou 3 d\u00e9cennies, telles que celles de <strong>VERONICA<\/strong>, \u00e0 <strong>N\u00eemes<\/strong>, c\u2019est d\u2019autant plus inqui\u00e9tant que sont fondateur Charles <strong>Gouiran<\/strong> est d\u00e9c\u00e9d\u00e9 en <strong>2001 <\/strong>; il en va de m\u00eame pour celles du<strong>GLRU<\/strong> de <strong>Langeac <\/strong>; du <strong>CEMOCPI<\/strong> dans la <strong>Loire<\/strong>, ou encore de l\u2019<strong>AAMT<\/strong> en <strong>Dr\u00f4me\/Ard\u00e8che<\/strong>. Celles du <strong>GREPO<\/strong> ont \u00e9t\u00e9 dispers\u00e9es au gr\u00e9 des changements de responsables&#8230;toutefois la l\u00e9gende courre qu&rsquo;un lot de documents dormirait encore quelque part dans un local, au coeur d\u2019un joli village proven\u00e7al, gravement inond\u00e9 en septembre <strong>2002<\/strong>. Cependant le <strong>SCEAU<\/strong> en a r\u00e9cup\u00e9r\u00e9 une partie, par le biais de ses sauvegardes (<strong>Dons<\/strong>Beno\u00eet <strong>Rousset<\/strong> &amp; Isabelle <strong>L.<\/strong>).<\/p>\n<p align=\"justify\">Nombreuses aussi sont les archives de certains Cercles <strong>LDLN<\/strong> des ann\u00e9es <strong>1960\/1970 <\/strong>qui ont \u00e9chapp\u00e9 \u00e0 l\u2019\u00e9quipe dirig\u00e9e, \u00e0 l\u2019\u00e9poque, par Raymond<strong>Veillith<\/strong>, disparues avec les d\u00e9l\u00e9gu\u00e9s qui en d\u00e9missionnant oubliaient de transmettre leur patrimoine \u00e0 l\u2019archiviste de l\u2019association. Une partie des archives de cette docte revue a disparu, pour n&rsquo;avoir pas \u00e9t\u00e9 conserv\u00e9e dans de bonnes conditions.<\/p>\n<p align=\"justify\">Que sont devenues les importantes archives du <strong>CERPI<\/strong> de <strong>Saintes<\/strong>, que j\u2019ai eu l\u2019occasion de voir en <strong>1982<\/strong>, elles \u00e9taient, \u00e0 l\u2019\u00e9poque, conserv\u00e9es dans un local (pr\u00eat\u00e9 par la municipalit\u00e9 &#8211; <em>bis repetita<\/em>) satur\u00e9 d\u2019humidit\u00e9 et ponctu\u00e9 de fuites, situ\u00e9 dans les combles d\u2019un immeuble pittoresque, mais v\u00e9tuste, d\u2019un vieux quartier historique de <strong>Saintes<\/strong>. Nous avons tent\u00e9 de contacter les anciens responsables de ce groupe, tr\u00e8s actif dans les ann\u00e9es <strong>1970\/1980<\/strong> et co-fondateur du <strong>CPCGU<\/strong>, pour qu\u2019ils nous confirment qu\u2019une proc\u00e9dure avait \u00e9t\u00e9 mise en oeuvre dans l\u2019optique de pr\u00e9server ce patrimoine. Les r\u00e9ponses re\u00e7ues de quelques membres ne nous ont pas permis d\u2019en apprendre plus.<\/p>\n<p align=\"justify\">Je reviens maintenant sur un sujet \u00e9voqu\u00e9 dans un paragraphe pr\u00e9c\u00e9dent et je m\u2019alarme des effets d\u00e9sastreux des nombreuses catastrophes naturelles subies par la France ces vingt derni\u00e8res ann\u00e9es, lesquelles touch\u00e8rent de nombreuses villes ufologiquement connues pour regrouper quelques ufologues encore actifs ou ayant \u00e9t\u00e9 le si\u00e8ge d\u2019une c\u00e9l\u00e8bre association : <strong>Cuxac d\u2019Aude<\/strong>,<strong> Sommi\u00e8res<\/strong>,<strong> Sorgues<\/strong>,<strong> L\u2019Isle sur la Sorgue<\/strong>,<strong>Vaison-La-Romaine, Buis-les-Baronnies, N\u00eemes, Al\u00e8s<\/strong> sont de celles-ci. Ne doutons pas qu\u2019ici o\u00f9 l\u00e0 des archives ufologiques ont eut \u00e0 souffrir de ces d\u00e9bordements climatiques.<\/p>\n<p align=\"justify\"><em><strong>Antiquit\u00e9s, brocantes&#8230; et OVNI<\/strong><\/em><br \/>\nCependant, il est des \u201cennemis\u201d pernicieux des archives, impitoyables, sournois, tapis au c\u0153ur des villes, des stades, des pelouses herbues, des centres commerciaux : les <strong>brocantes<\/strong> et <strong>vide-greniers<\/strong>. Quoique qu\u2019ils soient ambivalents, car ils peuvent aussi nous pourvoir en documents, quand le hasard nous donne \u00e0 d\u00e9couvrir au fond d\u2019un carton des revues ufologiques, quelques livres ou autres tr\u00e9sors (le <strong>SCEAU<\/strong> en a aussi profit\u00e9).<\/p>\n<p align=\"justify\">Mais ne nous voilons pas la face, les brocantes sont un implacable vecteur de dispersion des archives ufologiques. Dans le courant des ann\u00e9es<strong>1980<\/strong>, un brocanteur rencontr\u00e9 aux puces de <strong>Montreuil<\/strong> par un membre du <strong>CIGU<\/strong> s\u2019av\u00e9ra \u00eatre un ancien ufologue qui \u201cfourguait\u201d ses archives \u00e0 \u201cdix balles le bout\u201d.<\/p>\n<p align=\"justify\">Plus r\u00e9cemment, en ao\u00fbt<strong> 1997, <\/strong>c\u2019est lors d\u2019une brocante \u00e0 <strong>Etampes<\/strong> (91), que je fus interpell\u00e9 par une \u201cchineuse\u201d qui me proposait la collection de livres <strong>OVNI<\/strong> de son p\u00e8re d\u00e9c\u00e9d\u00e9, lequel avait \u00e9t\u00e9 un ufologue tr\u00e8s actif dans les ann\u00e9es <strong>1960\/1970<\/strong>. Elle me confirma, sans ambages, que tous les autres documents (enqu\u00eates, revues, &amp;c.) avaient \u00e9t\u00e9 d\u00e9truits ou dispers\u00e9s. Je ne pus savoir qui \u00e9tait son p\u00e8re, elle pr\u00e9f\u00e9ra ne m\u2019en rien dire et promit de reprendre contact avec moi pour les livres. J\u2019attends toujours !<\/p>\n<p align=\"justify\">Vers la m\u00eame \u00e9poque, je fus contact\u00e9 sur la brocante de <strong>Montlh\u00e9ry<\/strong> (91) par un ancien membre de la <strong>SPEPSE<\/strong>, il avait conserv\u00e9 un lot de livres<strong>OVNI<\/strong>, il semblait pr\u00eat \u00e0 les c\u00e9der au <strong>SCEAU<\/strong>. De retour chez moi, je trouvais un message sur mon r\u00e9pondeur o\u00f9 il se ravisait et demandait <strong>500 Frs<\/strong> pour se s\u00e9parer de ses ouvrages, tous tr\u00e8s classiques.<\/p>\n<p align=\"justify\">Quelques mois plus tard, en <strong>1998<\/strong>, j\u2019ai \u00e9galement fait la connaissance, \u00e0 la brocante \u201c<em>Art de Vivre<\/em>\u201d\u00a0 de <strong>Corbeil-Essonnes<\/strong> (91) d\u2019un futur ex-ufologue du <strong>Val-de-Marne<\/strong> se s\u00e9parant de ses derniers souvenirs dans ce domaine. Il ne lui restait plus que quelques num\u00e9ros de <strong>LDLN<\/strong> et trois livres de Jean-Claude <strong>Bourret<\/strong>, rien que de tr\u00e8s commun me direz-vous, mais quand m\u00eame. Le meilleur \u00e9tait d\u00e9j\u00e0 parti&#8230; enqu\u00eates (dans l\u2019<strong>Oise<\/strong>), comptes-rendus de r\u00e9unions (d\u2019un groupe informel d\u2019ufologues \u201csans \u00e9tiquette\u201d), revues br\u00e9siliennes (anciennes et rares), &amp;c. Il n\u2019est absolument pas certain que ces documents aient \u00e9t\u00e9 achet\u00e9s par des ufologues actifs. Ayant navigu\u00e9 dans ce milieu quelque peu interlope, au titre de brocanteur semi-professionnel, je crains que des antiquaires peu scrupuleux soient tomb\u00e9s sur certaines pi\u00e8ces rares (vieux livres, revues anciennes) qui finiront sur les quais \u00e0 <strong>Paris<\/strong> o\u00f9 dans les salons de \u201c<strong><em>vieux papiers<\/em><\/strong>\u201d, \u00e0 prix d\u2019or&#8230; pour des \u201ccollectionneurs\u201d &#8230;!<\/p>\n<p align=\"justify\"><em><strong>Mais tout ne va pas si mal apr\u00e8s tout&#8230; <\/strong><\/em><br \/>\nEn <strong>Poitou-Charentes<\/strong>, nous sommes en mesure de vous rassurer sur les archives du <strong>CPCGU<\/strong>\/<strong>GREMOC<\/strong> (co-fond\u00e9 par Pascal <strong>Grousset<\/strong>) : elles ont \u00e9t\u00e9 r\u00e9cup\u00e9r\u00e9es par Fr\u00e9d\u00e9ric <strong>Dumerchat<\/strong>.<\/p>\n<p align=\"justify\"><em><strong>Autre bonne nouvelle ! <\/strong><\/em><br \/>\nLes archives de Bernard <strong>Heuvelmans<\/strong> (co-inventeur de la <strong><em>cryptozoologie<\/em><\/strong>) ont \u00e9t\u00e9 d\u00e9pos\u00e9es dans leur int\u00e9gralit\u00e9 au <strong>Mus\u00e9e de Zoologie<\/strong> de<strong>Lausanne<\/strong> (Suisse), soit <strong>50.000<\/strong> documents. Ce mus\u00e9e serait le premier \u00e0 s\u2019ouvrir \u00e0 cette discipline controvers\u00e9e, qui confine, selon certains, au paranormal (<strong>Athena N\u00b0 156, d\u00e9c.1999, p.173<\/strong>). Voici un signe positif de sauvegarde : pas de dispersion des documents, institution reconnue et fiable, fonds facilement identifiable. Le <strong>SCEAU<\/strong> a toujours milit\u00e9 dans ce sens, car il est \u00e0 redouter que, dans le cas de petits fonds ufologiques \u201c<em>anonymes<\/em>\u201d ceux-ci ne puissent \u00eatre d\u00e9pos\u00e9s aux <strong>AD,<\/strong> s&rsquo;ils l&rsquo;\u00e9taient ce serait de fa\u00e7on ind\u00e9pendante, donc anonyme, ceux-ci demeureraient confidentiels et finiraient \u201c<em>noy\u00e9s<\/em>\u201d dans la masse, sans titre et sans identification sp\u00e9cifique, alors que d\u00e9pos\u00e9s dans les <strong>Fonds Documentaires Ufologiques<\/strong> (<strong>FDU<\/strong>) du <strong>SCEAU<\/strong>, ils trouvent un titre \u201c<strong><em>FDU SCEAU \/ + nom du donateur<\/em><\/strong>\u201d et une cote. Ils deviennent ainsi faciles d\u2019acc\u00e8s et ais\u00e9ment consultables.<\/p>\n<p align=\"justify\">\u00c9vitons le d\u00e9mant\u00e8lement ou la destruction du patrimoine ufologique, par insouciance, n\u00e9gligence ou m\u00e9pris pour ses propres recherches. Anticipons ! par une sauvegarde pr\u00e9ventive, en contractant avec le <strong>SCEAU<\/strong> ou en transmettant r\u00e9guli\u00e8rement le fruit de nos travaux au <strong>SCEAU<\/strong> qui les d\u00e9posera dans l\u2019un de ses <strong>Fonds Documentaires Ufologiques<\/strong>.<\/p>\n<p align=\"justify\"><strong>Le SCEAU, c\u2019est le label de tra\u00e7abilit\u00e9 des archives ufologiques. <\/strong><br \/>\nNotre discours a \u00e9t\u00e9 entendu, il a s\u00e9duit l\u2019ensemble de nos soci\u00e9taires, mais il doit encore et toujours convaincre plus d\u2019ufologues (ou ex-ufologues), car il est des tr\u00e9sors qui dorment \u00e0 l\u2019int\u00e9rieur de vos classeurs \u00e0 leviers ou de vos chemises \u00e0 sangles et nous ne saurions imaginer que votre but est de les abandonner au fond de votre cave ou de votre grenier et de ne pas en faire profiter l\u2019ensemble de la communaut\u00e9 ufologique et bien d\u2019autres chercheurs.<\/p>\n<p><strong>Nombre d\u2019ufologues pr\u00f4nent la lev\u00e9e du secret.<\/strong><\/p>\n<div align=\"justify\">\n<ul>\n<li><strong>Ufologues actifs<\/strong>, il vous revient de prouver \u00e0 tous qu\u2019il n\u2019y a pas de secrets dans ce milieu et que\u00a0signer un contrat avec le <strong>SCEAU<\/strong> vous engage \u00e0 donner un avenir \u00e0 vos archives afin d\u2019offrir, \u00e0 terme,\u00a0l\u2019information au plus grand nombre.<\/li>\n<\/ul>\n<\/div>\n<div align=\"justify\">\n<ul>\n<li><strong>Anciens ufologues<\/strong>, confiez-nous vos archives, vous les valoriserez et apporterez votre pierre \u00e0 la\u00a0sauvegarde du patrimoine ufologique. Il y a quelques ann\u00e9es la recherche sur les <strong>OVNI<\/strong> vous a passionn\u00e9e, permettez \u00e0 d\u2019autres, aujourd\u2019hui, de se passionner pour l\u2019ufologie au travers de vos travaux, vos enqu\u00eates, vos recherches. M\u00eame si vous n\u2019avez que quelques revues ou quelques livres,\u00a0vous contribuerez \u00e0 enrichir les <strong>Fonds Documentaires Ufologiques<\/strong>.<\/li>\n<\/ul>\n<\/div>\n<p align=\"right\"><a href=\"https:\/\/sceau-archives-ovni.org\/wp\/?page_id=30&amp;lang=fr\">Gilles <strong>DURAND<\/strong><\/a>, <strong>Athis-Mons\/Brunoy<\/strong>, <strong>2001\/2009<\/strong><\/p>\n<p>* Remerciements \u00e0 Madame Natalie <strong>B\u00e9raud<\/strong> pour son aide, ses relectures et ses corrections.<\/p>\n","protected":false},"excerpt":{"rendered":"<p>(Paru dans le Bulletin du SCEAU no. 7 &#8211; 2003-2004) Dans la lettre d\u2019accompagnement de notre questionnaire, qui est souvent le premier lien avec nos soci\u00e9taires potentiels, nous faisons \u00e9tat, pour renforcer notre argumentaire, \u00ab\u00a0des exemples dramatiques de pertes ou de destructions d\u2019archives\u00a0\u00bb, sans d\u00e9tails, tout en ayant \u00e0 l\u2019esprit des cas bien pr\u00e9cis et &hellip; <a href=\"https:\/\/sceau-archives-ovni.org\/?page_id=318&#038;lang=fr\" class=\"more-link\">Continuer la lecture de <span class=\"screen-reader-text\">Sur quelques cas dramatiques de disparition\/destruction d&rsquo;archives ufologique<\/span>  <span class=\"meta-nav\">&rarr;<\/span><\/a><\/p>\n","protected":false},"author":1,"featured_media":0,"parent":0,"menu_order":9,"comment_status":"closed","ping_status":"closed","template":"","meta":{"ngg_post_thumbnail":0},"_links":{"self":[{"href":"https:\/\/sceau-archives-ovni.org\/index.php?rest_route=\/wp\/v2\/pages\/318"}],"collection":[{"href":"https:\/\/sceau-archives-ovni.org\/index.php?rest_route=\/wp\/v2\/pages"}],"about":[{"href":"https:\/\/sceau-archives-ovni.org\/index.php?rest_route=\/wp\/v2\/types\/page"}],"author":[{"embeddable":true,"href":"https:\/\/sceau-archives-ovni.org\/index.php?rest_route=\/wp\/v2\/users\/1"}],"replies":[{"embeddable":true,"href":"https:\/\/sceau-archives-ovni.org\/index.php?rest_route=%2Fwp%2Fv2%2Fcomments&post=318"}],"version-history":[{"count":3,"href":"https:\/\/sceau-archives-ovni.org\/index.php?rest_route=\/wp\/v2\/pages\/318\/revisions"}],"predecessor-version":[{"id":429,"href":"https:\/\/sceau-archives-ovni.org\/index.php?rest_route=\/wp\/v2\/pages\/318\/revisions\/429"}],"wp:attachment":[{"href":"https:\/\/sceau-archives-ovni.org\/index.php?rest_route=%2Fwp%2Fv2%2Fmedia&parent=318"}],"curies":[{"name":"wp","href":"https:\/\/api.w.org\/{rel}","templated":true}]}}