{"id":23,"date":"2016-02-06T14:03:43","date_gmt":"2016-02-06T13:03:43","guid":{"rendered":"http:\/\/ufowaves.org\/sceau\/wordpress\/?page_id=23"},"modified":"2016-02-06T14:03:43","modified_gmt":"2016-02-06T13:03:43","slug":"jacques-scornaux","status":"publish","type":"page","link":"https:\/\/sceau-archives-ovni.org\/?page_id=23&lang=fr","title":{"rendered":"Jacques Scornaux"},"content":{"rendered":"<figure id=\"attachment_25\" aria-describedby=\"caption-attachment-25\" style=\"width: 100px\" class=\"wp-caption alignright\"><img loading=\"lazy\" class=\"size-full wp-image-25\" src=\"https:\/\/sceau-archives-ovni.org\/wp\/wp-content\/uploads\/2016\/02\/personalite-jacques-scornaux-c.jpg\" alt=\"Jacques Scornaux\" width=\"100\" height=\"117\" \/><figcaption id=\"caption-attachment-25\" class=\"wp-caption-text\">Jacques Scornaux<\/figcaption><\/figure>\n<p>Pr\u00e9sident<\/p>\n<p><a href=\"http:\/\/www.rr0.org\/personne\/s\/ScornauxJacques\/index.html\">http:\/\/www.rr0.org\/personne\/s\/ScornauxJacques\/index.html<\/a><\/p>\n<p><span class=\"contact-misc\">Jacques Scornaux, n\u00e9 en 1946, est docteur en sciences chimiques de l\u2019Universit\u00e9 de Bruxelles. Membre de la SOBEPS de sa fondation \u00e0 sa disparition, il a sign\u00e9 de nombreux articles dans Inforespace, la revue de cette association. Apr\u00e8s s\u2019\u00eatre install\u00e9 pour des raisons professionnelles en r\u00e9gion parisienne, il a aussi collabor\u00e9 \u00e0 la revue Lumi\u00e8res dans la Nuit, dont il a un moment \u00e9t\u00e9 membre du comit\u00e9 de r\u00e9daction. Auteur avec Christiane Piens de l\u2019ouvrage A la recherche des OVNI (\u00e9d. Marabout, 1976), il a aussi contribu\u00e9 \u00e0 l\u2019ouvrage collectif dirig\u00e9 par Thierry Pinvidic OVNI \u2013 Vers une anthropologie d\u2019un mythe contemporain (Heimdal, 1993).<\/span><\/p>\n<p>&nbsp;<\/p>\n","protected":false},"excerpt":{"rendered":"<p>Pr\u00e9sident http:\/\/www.rr0.org\/personne\/s\/ScornauxJacques\/index.html Jacques Scornaux, n\u00e9 en 1946, est docteur en sciences chimiques de l\u2019Universit\u00e9 de Bruxelles. Membre de la SOBEPS de sa fondation \u00e0 sa disparition, il a sign\u00e9 de nombreux articles dans Inforespace, la revue de cette association. Apr\u00e8s s\u2019\u00eatre install\u00e9 pour des raisons professionnelles en r\u00e9gion parisienne, il a aussi collabor\u00e9 \u00e0 la &hellip; <a href=\"https:\/\/sceau-archives-ovni.org\/?page_id=23&#038;lang=fr\" class=\"more-link\">Continuer la lecture de <span class=\"screen-reader-text\">Jacques Scornaux<\/span>  <span class=\"meta-nav\">&rarr;<\/span><\/a><\/p>\n","protected":false},"author":1,"featured_media":0,"parent":21,"menu_order":20,"comment_status":"closed","ping_status":"closed","template":"","meta":{"ngg_post_thumbnail":0},"_links":{"self":[{"href":"https:\/\/sceau-archives-ovni.org\/index.php?rest_route=\/wp\/v2\/pages\/23"}],"collection":[{"href":"https:\/\/sceau-archives-ovni.org\/index.php?rest_route=\/wp\/v2\/pages"}],"about":[{"href":"https:\/\/sceau-archives-ovni.org\/index.php?rest_route=\/wp\/v2\/types\/page"}],"author":[{"embeddable":true,"href":"https:\/\/sceau-archives-ovni.org\/index.php?rest_route=\/wp\/v2\/users\/1"}],"replies":[{"embeddable":true,"href":"https:\/\/sceau-archives-ovni.org\/index.php?rest_route=%2Fwp%2Fv2%2Fcomments&post=23"}],"version-history":[{"count":0,"href":"https:\/\/sceau-archives-ovni.org\/index.php?rest_route=\/wp\/v2\/pages\/23\/revisions"}],"up":[{"embeddable":true,"href":"https:\/\/sceau-archives-ovni.org\/index.php?rest_route=\/wp\/v2\/pages\/21"}],"wp:attachment":[{"href":"https:\/\/sceau-archives-ovni.org\/index.php?rest_route=%2Fwp%2Fv2%2Fmedia&parent=23"}],"curies":[{"name":"wp","href":"https:\/\/api.w.org\/{rel}","templated":true}]}}