{"id":1087,"date":"2025-04-27T16:23:33","date_gmt":"2025-04-27T14:23:33","guid":{"rendered":"https:\/\/sceau-archives-ovni.org\/?page_id=1087"},"modified":"2025-04-27T17:09:56","modified_gmt":"2025-04-27T15:09:56","slug":"raoul-robbe","status":"publish","type":"page","link":"https:\/\/sceau-archives-ovni.org\/?page_id=1087&lang=fr","title":{"rendered":"Raoul Rob\u00e9"},"content":{"rendered":"<div class=\"wp-block-image\">\n<figure class=\"alignright size-full is-resized\"><img loading=\"lazy\" src=\"https:\/\/sceau-archives-ovni.org\/wp\/wp-content\/uploads\/2025\/04\/2025-03-26_rre-archives-nationales.jpg\" alt=\"Vice Pr\u00e9sident : Raoul Robb\u00e9\" class=\"wp-image-1085\" width=\"276\" height=\"199\" srcset=\"https:\/\/sceau-archives-ovni.org\/wp\/wp-content\/uploads\/2025\/04\/2025-03-26_rre-archives-nationales.jpg 733w, https:\/\/sceau-archives-ovni.org\/wp\/wp-content\/uploads\/2025\/04\/2025-03-26_rre-archives-nationales-300x217.jpg 300w\" sizes=\"(max-width: 276px) 100vw, 276px\" \/><figcaption>Vice Pr\u00e9sident : Raoul Robb\u00e9<\/figcaption><\/figure><\/div>\n\n\n<p>Raoul Rob\u00e9 est n\u00e9 en 1958, originaire de Nancy (54). Retrait\u00e9 du domaine des t\u00e9l\u00e9communications, il vit \u00e0 Montrouge (92) depuis 1989.<br>En ufologie, Raoul s\u2019est sp\u00e9cialis\u00e9 dans les cas d\u2019apparitions d\u2019humano\u00efdes (auteur du catalogue CNEGU des apparitions d\u2019humano\u00efdes dans le Nord-Est de la France). Depuis longtemps, il est passionn\u00e9 par l\u2019imagerie de science fiction (BD, films, s\u00e9ries TV, illustrations), et s\u2019int\u00e9resse aussi aux co\u00efncidences (synchronicit\u00e9s).<br>Co-fondateur et secr\u00e9taire du Groupe Priv\u00e9 Ufologique Nanc\u00e9ien (GPUN) association locale d\u2019enqu\u00eateurs (de 1975 \u00e0 1986), enqu\u00eateur de terrain et r\u00e9dacteur de \u00ab R\u00e9alit\u00e9 ou Fiction ? \u00bb bulletin de cette association lorraine<em>. Membre du C.E.C.R.U.(Comit\u00e9 Europ\u00e9en de Coordination de la Recherche Ufologique) puis, co-fondateur du C.N.E.G.U. en 1978 (Comit\u00e9 Nord-Est des Groupes Ufologiques), il participe activement \u00e0 l\u2019\u00e9quip\u00e9e de VECA en 1989-90 (Voyage d\u2019Etude des Cercles en Angleterre)<\/em>*.. Ayant r\u00e9fl\u00e9chi depuis longtemps, au sein du CNEGU, \u00e0 la sauvegarde des archives ufologiques, il fait partie de l\u2019assembl\u00e9e qui fonda le SCEAU\/Archives OVNI en 1990, et en devient un membre tr\u00e8s actif.<br>Dessinateur (sous le pseudonyme Ralrob) et auteur d\u2019articles sur la similitude entre Science Fiction et Ufologie dans le bulletin \u00ab Les Myst\u00e8res de l\u2019Est \u00bb et sur le site du CNEGU.<br>Il participe r\u00e9guli\u00e8rement \u00e0 des \u00e9tudes critiques sur le paranormal.<br>Participation au Workshop CAIPAN les 8 et 9 juillet 2014 au CNES Paris et \u00e0 celui des 13 et 14 octobre \u00e0 Toulouse.<br>Pour f\u00eater les 40 ann\u00e9es d\u2019existence du comit\u00e9 Nord-Est, il participe \u00e0 la r\u00e9alisation du livre \u00ab Ovni sur le Grand Est, 40 ans de recherches \u00bb, \u00e9dition CNEGU 2018, accessible sur : https:\/\/cnegu.forumactif.org<br>Il \u00e9crit avec le Dr Jean-Michel Abrassart des articles sur le site internet Acad\u00e9mia.<br>https:\/\/www.academia.edu\/<\/p>\n\n\n\n<p><strong>Bibliographie <\/strong><\/p>\n\n\n\n<p>* dans International Who\u2019s Who in UFOlogy Directory 1988, pages 174-238.<br>**article \u00ab Le cri de la locustelle le soir au fond des bl\u00e9s\u2026 \u00bb,page 48, de Probl\u00e8mes politiques et sociaux n\u00b0790-791-12\/09\/1997 : \u00ab le d\u00e9bat sur le paranormal \u00bb-la Documentation Fran\u00e7aise,<br>-conf\u00e9rence \u00ab la casuistique ufologique aurait-elle pour ses origines dans la bande dessin\u00e9e de Science Fiction ? \u00bb au VIe congr\u00e8s fort\u00e9en \u00e0 Paris le samedi 29 septembre 2012,<br>-conf\u00e9rence \u00ab la casuistique ufologique aurait-elle pour ses origines dans la bande dessin\u00e9e de Science Fiction ? \u00bb \u00e0 Bruxelles en 2013,<br>-dessin paru dans le livre Mad Movies \u00ab Mad Ma\u2026vie \u00bb de JP Putters, 2013, page 112,<br>-article dans la revue Science et Inexpliqu\u00e9 n\u00b031 f\u00e9vrier 2013 : \u00ab les sources \u00e0 l\u2019origine du canular \u00bb,<br>-cit\u00e9 dans le m\u00e9moire de la th\u00e8se de doctorat \u00ab Le mod\u00e8le sociopsychologique du ph\u00e9nom\u00e8ne OVNI : un cadre conceptuel interpr\u00e9tatif en sciences humaines \u00bb de Jean-Michel Abrassart-UCL presses universitaires de Louvain 2015,<br>-remerci\u00e9 dans le livre de Philippe Beaudoin sur les archives du commandant Emile Tizan\u00e9 \u00ab\u00a0Les Forces de l&rsquo;Ordre invisible\u00a0\u00bb Le murmure 2016,<br>-cit\u00e9 31 fois dans le livre \u00ab La France des OVNI de 1940 \u00e0 nos jours \u00bb de Manuel, Wiroth, 2018,th\u00e9se de doctorat en Histoire Lyon 3,<br>-article \u00ab les soucoupes volantes dans la bande dessin\u00e9e \u00bb paru dans la revue des collectionneurs \u00ab Papiers Nickel\u00e9s \u00bb n\u00b053, 2e trimestre 2017, CNL,<br>-conf\u00e9rence \u00ab Les soucoupes volantes dans la bande dessin\u00e9e \u00bb \u00e0 OVNI PARIS le mardi 6 novembre 2018,<\/p>\n\n\n\n<p><br>Articles dans le site ACADEMIA (2019-2020-2021) : <\/p>\n\n\n\n<div class=\"wp-container-1 wp-block-group\"><div class=\"wp-block-group__inner-container\">\n<p>-Case study of a Close Encounter of the Third Kind (Nancy, France, 1969): Hallucination or false memory? <\/p>\n\n\n\n<p>-Perspectives on Contemporary Legend (36th ISCLR Meeting): \u00ab\u00a0Mistaking the Moon for an Alien Spacecraft\u00a0\u00bb, <\/p>\n\n\n\n<p>-La suspension d\u2019incr\u00e9dulit\u00e9: Article de r\u00e9flexion sur l&rsquo;analyse du t\u00e9moignage ovni Par Raoul Rob\u00e9,-Comment les auteurs de BD repr\u00e9sentent nos cousins les extraterrestres dans leur oeuvres, <\/p>\n\n\n\n<p>&#8211; -Quelques similitudes entre des cas ufologiques et la fiction, 20 cas de rencontres rapproch\u00e9es entre 1954 et 1998 (poster pr\u00e9sent\u00e9 au GEIPAN les 13 et 14 octobre 2022 au CAIPAN 2 \u00e0 Toulouse).<\/p>\n<\/div><\/div>\n","protected":false},"excerpt":{"rendered":"<p>Raoul Rob\u00e9 est n\u00e9 en 1958, originaire de Nancy (54). Retrait\u00e9 du domaine des t\u00e9l\u00e9communications, il vit \u00e0 Montrouge (92) depuis 1989.En ufologie, Raoul s\u2019est sp\u00e9cialis\u00e9 dans les cas d\u2019apparitions d\u2019humano\u00efdes (auteur du catalogue CNEGU des apparitions d\u2019humano\u00efdes dans le Nord-Est de la France). Depuis longtemps, il est passionn\u00e9 par l\u2019imagerie de science fiction (BD, &hellip; <a href=\"https:\/\/sceau-archives-ovni.org\/?page_id=1087&#038;lang=fr\" class=\"more-link\">Continuer la lecture de <span class=\"screen-reader-text\">Raoul Rob\u00e9<\/span>  <span class=\"meta-nav\">&rarr;<\/span><\/a><\/p>\n","protected":false},"author":1,"featured_media":0,"parent":21,"menu_order":0,"comment_status":"closed","ping_status":"closed","template":"","meta":{"ngg_post_thumbnail":0},"_links":{"self":[{"href":"https:\/\/sceau-archives-ovni.org\/index.php?rest_route=\/wp\/v2\/pages\/1087"}],"collection":[{"href":"https:\/\/sceau-archives-ovni.org\/index.php?rest_route=\/wp\/v2\/pages"}],"about":[{"href":"https:\/\/sceau-archives-ovni.org\/index.php?rest_route=\/wp\/v2\/types\/page"}],"author":[{"embeddable":true,"href":"https:\/\/sceau-archives-ovni.org\/index.php?rest_route=\/wp\/v2\/users\/1"}],"replies":[{"embeddable":true,"href":"https:\/\/sceau-archives-ovni.org\/index.php?rest_route=%2Fwp%2Fv2%2Fcomments&post=1087"}],"version-history":[{"count":4,"href":"https:\/\/sceau-archives-ovni.org\/index.php?rest_route=\/wp\/v2\/pages\/1087\/revisions"}],"predecessor-version":[{"id":1095,"href":"https:\/\/sceau-archives-ovni.org\/index.php?rest_route=\/wp\/v2\/pages\/1087\/revisions\/1095"}],"up":[{"embeddable":true,"href":"https:\/\/sceau-archives-ovni.org\/index.php?rest_route=\/wp\/v2\/pages\/21"}],"wp:attachment":[{"href":"https:\/\/sceau-archives-ovni.org\/index.php?rest_route=%2Fwp%2Fv2%2Fmedia&parent=1087"}],"curies":[{"name":"wp","href":"https:\/\/api.w.org\/{rel}","templated":true}]}}